{"id":7807,"date":"2020-07-07T07:49:57","date_gmt":"2020-07-07T07:49:57","guid":{"rendered":"https:\/\/msgvirtual.com\/olaksice-za-pravne-subjekte\/"},"modified":"2022-06-26T18:36:20","modified_gmt":"2022-06-26T16:36:20","slug":"erleichterungen-fuer-rechtssubjekte","status":"publish","type":"page","link":"https:\/\/investinbrcko.com\/de\/erleichterungen-fuer-rechtssubjekte\/","title":{"rendered":"Erleichterungen f\u00fcr Rechtssubjekte"},"content":{"rendered":"<p>[vc_row][vc_column css=&#8220;.vc_custom_1656238637575{padding-right: 25px !important;}&#8220; offset=&#8220;vc_col-xs-12&#8243;][vc_column_text]Die F\u00f6rderung der Wirtschaft wird durch Erleichterungen und Finanzieren neuer Investitionen umgesetzt.<\/p>\n<p>Rechtssubjekte, die ihre Gesch\u00e4ftst\u00e4tigkeit registrieren, bekommen zahlreiche Erleichterungen:<\/p>\n<ul>\n<li>volle Befreiung der Gemeindegeb\u00fchr f\u00fcr Anbringung des Firmenschilds;<\/li>\n<li>Erstattung der Gerichtskosten f\u00fcr die Gr\u00fcndung des Gesch\u00e4ftssubjektes und f\u00fcr die Eintragung in das Firmenbuch der juristischen Personen;<\/li>\n<li>Erstattung zweckgebundener Abgaben und Dienstleistungen f\u00fcr Stromanschluss;<\/li>\n<li>Erstattung zweckgebundener Abgaben und Arbeiten und Dienstleistungen f\u00fcr Wasser- und Kanalisationsanschlussgeb\u00fchren;<\/li>\n<li>Erstattung bezahlter Geb\u00fchren f\u00fcr Einholung der Raumordnungsgenehmigung, der Baugenehmigung und Nutzungsgenehmigung f\u00fcrs Objekt;<\/li>\n<li>Erstattung f\u00fcr gebrauchten Strom und f\u00fcr Wasserverbrauch in der H\u00f6he der Preisdifferenz f\u00fcr Strom und Wasserverbrauch, die eine juristische Person im Vergleich zu einem Haushalt zu bezahlen hat;<\/li>\n<li>Erstattung f\u00fcr die Neuanstellung arbeitsloser Personen;<\/li>\n<li>Erstattung f\u00fcr Steuerabgaben und Beitr\u00e4ge zum Gehalt, entstanden w\u00e4hrend des Mutterschutzurlaubs;<\/li>\n<li><strong>Gelderstattung f\u00fcr neue Investitionen zur Anschaffung fester Mittel nach Geltendmachung der Anrechte auf maximale Befreiung in der Steueranzeige f\u00fcr voriges Jahr, durch Minderung der Besteuerungsgrundlage f\u00fcr den Einlagebeitrag, gem. dem Einkommensteuergesetz Br\u010dko Distrikt BuH;<\/strong><\/li>\n<li>Erstattung f\u00fcr einen Teil der Kosten f\u00fcr verschiedene Lizenzen und Zertifikate.<\/li>\n<\/ul>\n<p>Damit eine Firma das Recht auf Erleichterungen geltend machen k\u00f6nnte, muss sie bestimmte Voraussetzungen erf\u00fcllen:<\/p>\n<ul>\n<li>dass sie gem. den Vorschriften in Br\u010dko Distrikt BuH gegr\u00fcndet und registriert wird,<\/li>\n<li>dass sie ihren Sitz auf dem Gebiet Br\u010dko Distrikt BuH hat,<\/li>\n<li>dass wenigstens 50% aller Mitarbeiter auf unbefristete Zeit ihren Wohnsitz in Br\u010dko Distrikt BuH haben;<\/li>\n<li>dass sie ihre Steuerpflichten, Steuerpflichten f\u00fcr Steuern und Beitr\u00e4ge f\u00fcr Geh\u00e4lter und Pflichten aus dem Pachtvertrag f\u00fcr Gesch\u00e4ftsr\u00e4ume und \u00f6ffentliche Fl\u00e4chen im Eigentum von Br\u010dko Distrikt BuH, sowie Gemeideabgaben und Nebenkosten beglichen hat<\/li>\n<li>dass sie wegen der Anstellung der Personen ohne geschlossenen Werkvertrag nicht bestraft worden ist.<\/li>\n<\/ul>\n<p>[\/vc_column_text][vc_empty_space]<a  href=\"https:\/\/investinbrcko.com\/de\/kontakt\/\"  target=\"_self\"  title=\"Kontakt\" class=\"tt_button tt_primary_button btn_primary_color  button-center button-action-link\" ><span class=\"prim_text\">BEREIT ZU INVESTIEREN?<\/span><\/a>[\/vc_column][\/vc_row]<\/p>\n","protected":false},"excerpt":{"rendered":"<p>[vc_row][vc_column css=&#8220;.vc_custom_1656238637575{padding-right: 25px !important;}&#8220; offset=&#8220;vc_col-xs-12&#8243;][vc_column_text]Die F\u00f6rderung der Wirtschaft wird durch Erleichterungen und Finanzieren neuer Investitionen umgesetzt. Rechtssubjekte, die ihre Gesch\u00e4ftst\u00e4tigkeit registrieren, bekommen zahlreiche Erleichterungen: volle Befreiung der Gemeindegeb\u00fchr f\u00fcr Anbringung des Firmenschilds; Erstattung der Gerichtskosten f\u00fcr die Gr\u00fcndung des Gesch\u00e4ftssubjektes und f\u00fcr die Eintragung in das Firmenbuch der juristischen Personen; Erstattung zweckgebundener Abgaben und Dienstleistungen [&hellip;]<\/p>\n","protected":false},"author":1,"featured_media":8209,"parent":0,"menu_order":0,"comment_status":"closed","ping_status":"closed","template":"","meta":{"footnotes":""},"yoast_head":"<!-- This site is optimized with the Yoast SEO plugin v22.3 - https:\/\/yoast.com\/wordpress\/plugins\/seo\/ -->\n<title>Erleichterungen f\u00fcr Rechtssubjekte - Investitraj u Brcko<\/title>\n<meta name=\"robots\" content=\"index, follow, max-snippet:-1, max-image-preview:large, max-video-preview:-1\" \/>\n<link rel=\"canonical\" href=\"https:\/\/investinbrcko.com\/de\/erleichterungen-fuer-rechtssubjekte\/\" \/>\n<meta property=\"og:locale\" content=\"de_DE\" \/>\n<meta property=\"og:type\" content=\"article\" \/>\n<meta property=\"og:title\" content=\"Erleichterungen f\u00fcr Rechtssubjekte - Investitraj u Brcko\" \/>\n<meta property=\"og:description\" content=\"[vc_row][vc_column css=&#8220;.vc_custom_1656238637575{padding-right: 25px !important;}&#8220; offset=&#8220;vc_col-xs-12&#8243;][vc_column_text]Die F\u00f6rderung der Wirtschaft wird durch Erleichterungen und Finanzieren neuer Investitionen umgesetzt. Rechtssubjekte, die ihre Gesch\u00e4ftst\u00e4tigkeit registrieren, bekommen zahlreiche Erleichterungen: volle Befreiung der Gemeindegeb\u00fchr f\u00fcr Anbringung des Firmenschilds; Erstattung der Gerichtskosten f\u00fcr die Gr\u00fcndung des Gesch\u00e4ftssubjektes und f\u00fcr die Eintragung in das Firmenbuch der juristischen Personen; Erstattung zweckgebundener Abgaben und Dienstleistungen [&hellip;]\" \/>\n<meta property=\"og:url\" content=\"https:\/\/investinbrcko.com\/de\/erleichterungen-fuer-rechtssubjekte\/\" \/>\n<meta property=\"og:site_name\" content=\"Investitraj u Brcko\" \/>\n<meta property=\"article:publisher\" content=\"https:\/\/www.facebook.com\/msgvirtual\/\" \/>\n<meta property=\"article:modified_time\" content=\"2022-06-26T16:36:20+00:00\" \/>\n<meta property=\"og:image\" content=\"https:\/\/investinbrcko.com\/wp-content\/uploads\/2021\/10\/cover390.jpg\" \/>\n\t<meta property=\"og:image:width\" content=\"1900\" \/>\n\t<meta property=\"og:image:height\" content=\"390\" \/>\n\t<meta property=\"og:image:type\" content=\"image\/jpeg\" \/>\n<meta name=\"twitter:card\" content=\"summary_large_image\" \/>\n<meta name=\"twitter:label1\" content=\"Gesch\u00e4tzte Lesezeit\" \/>\n\t<meta name=\"twitter:data1\" content=\"2\u00a0Minuten\" \/>\n<script type=\"application\/ld+json\" class=\"yoast-schema-graph\">{\"@context\":\"https:\/\/schema.org\",\"@graph\":[{\"@type\":\"WebPage\",\"@id\":\"https:\/\/investinbrcko.com\/de\/erleichterungen-fuer-rechtssubjekte\/\",\"url\":\"https:\/\/investinbrcko.com\/de\/erleichterungen-fuer-rechtssubjekte\/\",\"name\":\"Erleichterungen f\u00fcr Rechtssubjekte - Investitraj u Brcko\",\"isPartOf\":{\"@id\":\"https:\/\/investinbrcko.com\/#website\"},\"primaryImageOfPage\":{\"@id\":\"https:\/\/investinbrcko.com\/de\/erleichterungen-fuer-rechtssubjekte\/#primaryimage\"},\"image\":{\"@id\":\"https:\/\/investinbrcko.com\/de\/erleichterungen-fuer-rechtssubjekte\/#primaryimage\"},\"thumbnailUrl\":\"https:\/\/investinbrcko.com\/wp-content\/uploads\/2021\/10\/cover390.jpg\",\"datePublished\":\"2020-07-07T07:49:57+00:00\",\"dateModified\":\"2022-06-26T16:36:20+00:00\",\"breadcrumb\":{\"@id\":\"https:\/\/investinbrcko.com\/de\/erleichterungen-fuer-rechtssubjekte\/#breadcrumb\"},\"inLanguage\":\"de\",\"potentialAction\":[{\"@type\":\"ReadAction\",\"target\":[\"https:\/\/investinbrcko.com\/de\/erleichterungen-fuer-rechtssubjekte\/\"]}]},{\"@type\":\"ImageObject\",\"inLanguage\":\"de\",\"@id\":\"https:\/\/investinbrcko.com\/de\/erleichterungen-fuer-rechtssubjekte\/#primaryimage\",\"url\":\"https:\/\/investinbrcko.com\/wp-content\/uploads\/2021\/10\/cover390.jpg\",\"contentUrl\":\"https:\/\/investinbrcko.com\/wp-content\/uploads\/2021\/10\/cover390.jpg\",\"width\":1900,\"height\":390},{\"@type\":\"BreadcrumbList\",\"@id\":\"https:\/\/investinbrcko.com\/de\/erleichterungen-fuer-rechtssubjekte\/#breadcrumb\",\"itemListElement\":[{\"@type\":\"ListItem\",\"position\":1,\"name\":\"Po\u010detna\",\"item\":\"https:\/\/investinbrcko.com\/de\/\"},{\"@type\":\"ListItem\",\"position\":2,\"name\":\"Erleichterungen f\u00fcr Rechtssubjekte\"}]},{\"@type\":\"WebSite\",\"@id\":\"https:\/\/investinbrcko.com\/#website\",\"url\":\"https:\/\/investinbrcko.com\/\",\"name\":\"MSG Virtual\",\"description\":\"Virtuelna kancelarija Br\u010dko\",\"publisher\":{\"@id\":\"https:\/\/investinbrcko.com\/#organization\"},\"potentialAction\":[{\"@type\":\"SearchAction\",\"target\":{\"@type\":\"EntryPoint\",\"urlTemplate\":\"https:\/\/investinbrcko.com\/?s={search_term_string}\"},\"query-input\":\"required name=search_term_string\"}],\"inLanguage\":\"de\"},{\"@type\":\"Organization\",\"@id\":\"https:\/\/investinbrcko.com\/#organization\",\"name\":\"MSG Virtual\",\"url\":\"https:\/\/investinbrcko.com\/\",\"logo\":{\"@type\":\"ImageObject\",\"inLanguage\":\"de\",\"@id\":\"https:\/\/investinbrcko.com\/#\/schema\/logo\/image\/\",\"url\":\"https:\/\/investinbrcko.com\/wp-content\/uploads\/2020\/07\/MSG-virtual-logo.png\",\"contentUrl\":\"https:\/\/investinbrcko.com\/wp-content\/uploads\/2020\/07\/MSG-virtual-logo.png\",\"width\":1277,\"height\":568,\"caption\":\"MSG Virtual\"},\"image\":{\"@id\":\"https:\/\/investinbrcko.com\/#\/schema\/logo\/image\/\"},\"sameAs\":[\"https:\/\/www.facebook.com\/msgvirtual\/\"]}]}<\/script>\n<!-- \/ Yoast SEO plugin. -->","yoast_head_json":{"title":"Erleichterungen f\u00fcr Rechtssubjekte - Investitraj u Brcko","robots":{"index":"index","follow":"follow","max-snippet":"max-snippet:-1","max-image-preview":"max-image-preview:large","max-video-preview":"max-video-preview:-1"},"canonical":"https:\/\/investinbrcko.com\/de\/erleichterungen-fuer-rechtssubjekte\/","og_locale":"de_DE","og_type":"article","og_title":"Erleichterungen f\u00fcr Rechtssubjekte - Investitraj u Brcko","og_description":"[vc_row][vc_column css=&#8220;.vc_custom_1656238637575{padding-right: 25px !important;}&#8220; offset=&#8220;vc_col-xs-12&#8243;][vc_column_text]Die F\u00f6rderung der Wirtschaft wird durch Erleichterungen und Finanzieren neuer Investitionen umgesetzt. Rechtssubjekte, die ihre Gesch\u00e4ftst\u00e4tigkeit registrieren, bekommen zahlreiche Erleichterungen: volle Befreiung der Gemeindegeb\u00fchr f\u00fcr Anbringung des Firmenschilds; Erstattung der Gerichtskosten f\u00fcr die Gr\u00fcndung des Gesch\u00e4ftssubjektes und f\u00fcr die Eintragung in das Firmenbuch der juristischen Personen; Erstattung zweckgebundener Abgaben und Dienstleistungen [&hellip;]","og_url":"https:\/\/investinbrcko.com\/de\/erleichterungen-fuer-rechtssubjekte\/","og_site_name":"Investitraj u Brcko","article_publisher":"https:\/\/www.facebook.com\/msgvirtual\/","article_modified_time":"2022-06-26T16:36:20+00:00","og_image":[{"width":1900,"height":390,"url":"https:\/\/investinbrcko.com\/wp-content\/uploads\/2021\/10\/cover390.jpg","type":"image\/jpeg"}],"twitter_card":"summary_large_image","twitter_misc":{"Gesch\u00e4tzte Lesezeit":"2\u00a0Minuten"},"schema":{"@context":"https:\/\/schema.org","@graph":[{"@type":"WebPage","@id":"https:\/\/investinbrcko.com\/de\/erleichterungen-fuer-rechtssubjekte\/","url":"https:\/\/investinbrcko.com\/de\/erleichterungen-fuer-rechtssubjekte\/","name":"Erleichterungen f\u00fcr Rechtssubjekte - Investitraj u Brcko","isPartOf":{"@id":"https:\/\/investinbrcko.com\/#website"},"primaryImageOfPage":{"@id":"https:\/\/investinbrcko.com\/de\/erleichterungen-fuer-rechtssubjekte\/#primaryimage"},"image":{"@id":"https:\/\/investinbrcko.com\/de\/erleichterungen-fuer-rechtssubjekte\/#primaryimage"},"thumbnailUrl":"https:\/\/investinbrcko.com\/wp-content\/uploads\/2021\/10\/cover390.jpg","datePublished":"2020-07-07T07:49:57+00:00","dateModified":"2022-06-26T16:36:20+00:00","breadcrumb":{"@id":"https:\/\/investinbrcko.com\/de\/erleichterungen-fuer-rechtssubjekte\/#breadcrumb"},"inLanguage":"de","potentialAction":[{"@type":"ReadAction","target":["https:\/\/investinbrcko.com\/de\/erleichterungen-fuer-rechtssubjekte\/"]}]},{"@type":"ImageObject","inLanguage":"de","@id":"https:\/\/investinbrcko.com\/de\/erleichterungen-fuer-rechtssubjekte\/#primaryimage","url":"https:\/\/investinbrcko.com\/wp-content\/uploads\/2021\/10\/cover390.jpg","contentUrl":"https:\/\/investinbrcko.com\/wp-content\/uploads\/2021\/10\/cover390.jpg","width":1900,"height":390},{"@type":"BreadcrumbList","@id":"https:\/\/investinbrcko.com\/de\/erleichterungen-fuer-rechtssubjekte\/#breadcrumb","itemListElement":[{"@type":"ListItem","position":1,"name":"Po\u010detna","item":"https:\/\/investinbrcko.com\/de\/"},{"@type":"ListItem","position":2,"name":"Erleichterungen f\u00fcr Rechtssubjekte"}]},{"@type":"WebSite","@id":"https:\/\/investinbrcko.com\/#website","url":"https:\/\/investinbrcko.com\/","name":"MSG Virtual","description":"Virtuelna kancelarija Br\u010dko","publisher":{"@id":"https:\/\/investinbrcko.com\/#organization"},"potentialAction":[{"@type":"SearchAction","target":{"@type":"EntryPoint","urlTemplate":"https:\/\/investinbrcko.com\/?s={search_term_string}"},"query-input":"required name=search_term_string"}],"inLanguage":"de"},{"@type":"Organization","@id":"https:\/\/investinbrcko.com\/#organization","name":"MSG Virtual","url":"https:\/\/investinbrcko.com\/","logo":{"@type":"ImageObject","inLanguage":"de","@id":"https:\/\/investinbrcko.com\/#\/schema\/logo\/image\/","url":"https:\/\/investinbrcko.com\/wp-content\/uploads\/2020\/07\/MSG-virtual-logo.png","contentUrl":"https:\/\/investinbrcko.com\/wp-content\/uploads\/2020\/07\/MSG-virtual-logo.png","width":1277,"height":568,"caption":"MSG Virtual"},"image":{"@id":"https:\/\/investinbrcko.com\/#\/schema\/logo\/image\/"},"sameAs":["https:\/\/www.facebook.com\/msgvirtual\/"]}]}},"_links":{"self":[{"href":"https:\/\/investinbrcko.com\/de\/wp-json\/wp\/v2\/pages\/7807"}],"collection":[{"href":"https:\/\/investinbrcko.com\/de\/wp-json\/wp\/v2\/pages"}],"about":[{"href":"https:\/\/investinbrcko.com\/de\/wp-json\/wp\/v2\/types\/page"}],"author":[{"embeddable":true,"href":"https:\/\/investinbrcko.com\/de\/wp-json\/wp\/v2\/users\/1"}],"replies":[{"embeddable":true,"href":"https:\/\/investinbrcko.com\/de\/wp-json\/wp\/v2\/comments?post=7807"}],"version-history":[{"count":0,"href":"https:\/\/investinbrcko.com\/de\/wp-json\/wp\/v2\/pages\/7807\/revisions"}],"wp:featuredmedia":[{"embeddable":true,"href":"https:\/\/investinbrcko.com\/de\/wp-json\/wp\/v2\/media\/8209"}],"wp:attachment":[{"href":"https:\/\/investinbrcko.com\/de\/wp-json\/wp\/v2\/media?parent=7807"}],"curies":[{"name":"wp","href":"https:\/\/api.w.org\/{rel}","templated":true}]}}