{"id":7810,"date":"2020-07-07T07:51:30","date_gmt":"2020-07-07T07:51:30","guid":{"rendered":"https:\/\/msgvirtual.com\/geografska-lokacija\/"},"modified":"2022-06-26T12:22:33","modified_gmt":"2022-06-26T10:22:33","slug":"geografische-lage","status":"publish","type":"page","link":"https:\/\/investinbrcko.com\/de\/geografische-lage\/","title":{"rendered":"Geografische Lage"},"content":{"rendered":"<p>[vc_row][vc_column css=&#8220;.vc_custom_1656238897429{padding-right: 25px !important;}&#8220; offset=&#8220;vc_col-xs-12&#8243;][vc_column_text]Die geostrategische Lage von Br\u010dko Distrikt BuH ist sehr g\u00fcnstig.<\/p>\n<p>Diese Standortgemeinde mit 85.000 Einwohnern befindet ist im Nordosten von Bosnien und Herzegowina \u2013 am Tor der Europ\u00e4ischen Union. Der Distrikt Br\u010dko liegt geografisch 20 km entfernt von der Dreil\u00e4ndergrenze von Bosnien und Herzegowina, Serbien und Kroatien, bzw. der Europ\u00e4ischen Union, und ist fast gleich entfernt von den Stadtzentren von Belgrad (200 km), Zagreb (270 km), Sarajewo (210 km). Gelegt ist es am rechten Ufer des internationalen Flusses Save auf der Oberfl\u00e4che von 493,3 km\u00b2, und nimmt weniger als 1% des Staates Bosnien und Herzegowina ein.<\/p>\n<p>Br\u010dko Distrikt BuH stellt ein einzigartiges Beispiel f\u00fcr kommunale Selbstverwaltung, steht unter der Souver\u00e4nit\u00e4t des Staates, hat jedoch eigene Gesetze, Institutionen und Verwaltung.<\/p>\n<p>Wirtschaftlich betrachtet ist Br\u010dko in der Region \u201cDonau \u2013 Drau \u2013 Save\u201d und \u201cDrina \u2013 Save \u2013 Majevica\u201d eingebunden. Es gilt als Zentrum der Bosnischen Saveniederung (Ebene Bosnische Posavina) und ist ein wichtiger Verkehrsknoten f\u00fcr Richtungen Osten \u2013 Westen, Norden \u2013 S\u00fcden, und einer der seltenen multimodalen Transportknotenpunkte, zu dem Personenverkehr, Bahn und Binnenschiffahrt, und auch der einzige internationale Binnenhafen in Bosnien und Herzegowina geh\u00f6ren.<\/p>\n<p>Marktwirtschaft und Privateigentum sind gegenseitig unzertrenntlich. Jede Gemeinde, die eine schnelle Wirtschaftentwicklung anstrebt, sollte eine Gesch\u00e4ftsatmosph\u00e4re schaffen, die zu einer Expansion von Ideen von Privatunternehmern und zur Firmengr\u00fcndung f\u00fchrt. Br\u010dko Distrikt BuH strebt danach, eine solche Umgebung zu werden und zurzeit ist es auf dem richtigen Weg.[\/vc_column_text][vc_empty_space]<a  href=\"https:\/\/investinbrcko.com\/de\/kontakt\/\"  target=\"_self\"  title=\"Kontakt\" class=\"tt_button tt_primary_button btn_primary_color  button-center button-action-link\" ><span class=\"prim_text\">BEREIT ZU INVESTIEREN?<\/span><\/a>[\/vc_column][\/vc_row]<\/p>\n","protected":false},"excerpt":{"rendered":"<p>[vc_row][vc_column css=&#8220;.vc_custom_1656238897429{padding-right: 25px !important;}&#8220; offset=&#8220;vc_col-xs-12&#8243;][vc_column_text]Die geostrategische Lage von Br\u010dko Distrikt BuH ist sehr g\u00fcnstig. Diese Standortgemeinde mit 85.000 Einwohnern befindet ist im Nordosten von Bosnien und Herzegowina \u2013 am Tor der Europ\u00e4ischen Union. Der Distrikt Br\u010dko liegt geografisch 20 km entfernt von der Dreil\u00e4ndergrenze von Bosnien und Herzegowina, Serbien und Kroatien, bzw. der Europ\u00e4ischen Union, [&hellip;]<\/p>\n","protected":false},"author":1,"featured_media":7812,"parent":0,"menu_order":0,"comment_status":"closed","ping_status":"closed","template":"","meta":{"footnotes":""},"yoast_head":"<!-- This site is optimized with the Yoast SEO plugin v22.3 - https:\/\/yoast.com\/wordpress\/plugins\/seo\/ -->\n<title>Geografische Lage - Investitraj u Brcko<\/title>\n<meta name=\"robots\" content=\"index, follow, max-snippet:-1, max-image-preview:large, max-video-preview:-1\" \/>\n<link rel=\"canonical\" href=\"https:\/\/investinbrcko.com\/de\/geografische-lage\/\" \/>\n<meta property=\"og:locale\" content=\"de_DE\" \/>\n<meta property=\"og:type\" content=\"article\" \/>\n<meta property=\"og:title\" content=\"Geografische Lage - Investitraj u Brcko\" \/>\n<meta property=\"og:description\" content=\"[vc_row][vc_column css=&#8220;.vc_custom_1656238897429{padding-right: 25px !important;}&#8220; offset=&#8220;vc_col-xs-12&#8243;][vc_column_text]Die geostrategische Lage von Br\u010dko Distrikt BuH ist sehr g\u00fcnstig. Diese Standortgemeinde mit 85.000 Einwohnern befindet ist im Nordosten von Bosnien und Herzegowina \u2013 am Tor der Europ\u00e4ischen Union. Der Distrikt Br\u010dko liegt geografisch 20 km entfernt von der Dreil\u00e4ndergrenze von Bosnien und Herzegowina, Serbien und Kroatien, bzw. der Europ\u00e4ischen Union, [&hellip;]\" \/>\n<meta property=\"og:url\" content=\"https:\/\/investinbrcko.com\/de\/geografische-lage\/\" \/>\n<meta property=\"og:site_name\" content=\"Investitraj u Brcko\" \/>\n<meta property=\"article:publisher\" content=\"https:\/\/www.facebook.com\/msgvirtual\/\" \/>\n<meta property=\"article:modified_time\" content=\"2022-06-26T10:22:33+00:00\" \/>\n<meta property=\"og:image\" content=\"https:\/\/investinbrcko.com\/wp-content\/uploads\/2020\/07\/msg-virtual-brcko-polozaj.png\" \/>\n\t<meta property=\"og:image:width\" content=\"1920\" \/>\n\t<meta property=\"og:image:height\" content=\"643\" \/>\n\t<meta property=\"og:image:type\" content=\"image\/png\" \/>\n<meta name=\"twitter:card\" content=\"summary_large_image\" \/>\n<meta name=\"twitter:label1\" content=\"Gesch\u00e4tzte Lesezeit\" \/>\n\t<meta name=\"twitter:data1\" content=\"2\u00a0Minuten\" \/>\n<script type=\"application\/ld+json\" class=\"yoast-schema-graph\">{\"@context\":\"https:\/\/schema.org\",\"@graph\":[{\"@type\":\"WebPage\",\"@id\":\"https:\/\/investinbrcko.com\/de\/geografische-lage\/\",\"url\":\"https:\/\/investinbrcko.com\/de\/geografische-lage\/\",\"name\":\"Geografische Lage - Investitraj u Brcko\",\"isPartOf\":{\"@id\":\"https:\/\/investinbrcko.com\/#website\"},\"primaryImageOfPage\":{\"@id\":\"https:\/\/investinbrcko.com\/de\/geografische-lage\/#primaryimage\"},\"image\":{\"@id\":\"https:\/\/investinbrcko.com\/de\/geografische-lage\/#primaryimage\"},\"thumbnailUrl\":\"https:\/\/investinbrcko.com\/wp-content\/uploads\/2020\/07\/msg-virtual-brcko-polozaj.png\",\"datePublished\":\"2020-07-07T07:51:30+00:00\",\"dateModified\":\"2022-06-26T10:22:33+00:00\",\"breadcrumb\":{\"@id\":\"https:\/\/investinbrcko.com\/de\/geografische-lage\/#breadcrumb\"},\"inLanguage\":\"de\",\"potentialAction\":[{\"@type\":\"ReadAction\",\"target\":[\"https:\/\/investinbrcko.com\/de\/geografische-lage\/\"]}]},{\"@type\":\"ImageObject\",\"inLanguage\":\"de\",\"@id\":\"https:\/\/investinbrcko.com\/de\/geografische-lage\/#primaryimage\",\"url\":\"https:\/\/investinbrcko.com\/wp-content\/uploads\/2020\/07\/msg-virtual-brcko-polozaj.png\",\"contentUrl\":\"https:\/\/investinbrcko.com\/wp-content\/uploads\/2020\/07\/msg-virtual-brcko-polozaj.png\",\"width\":1920,\"height\":643},{\"@type\":\"BreadcrumbList\",\"@id\":\"https:\/\/investinbrcko.com\/de\/geografische-lage\/#breadcrumb\",\"itemListElement\":[{\"@type\":\"ListItem\",\"position\":1,\"name\":\"Po\u010detna\",\"item\":\"https:\/\/investinbrcko.com\/de\/\"},{\"@type\":\"ListItem\",\"position\":2,\"name\":\"Geografische Lage\"}]},{\"@type\":\"WebSite\",\"@id\":\"https:\/\/investinbrcko.com\/#website\",\"url\":\"https:\/\/investinbrcko.com\/\",\"name\":\"MSG Virtual\",\"description\":\"Virtuelna kancelarija Br\u010dko\",\"publisher\":{\"@id\":\"https:\/\/investinbrcko.com\/#organization\"},\"potentialAction\":[{\"@type\":\"SearchAction\",\"target\":{\"@type\":\"EntryPoint\",\"urlTemplate\":\"https:\/\/investinbrcko.com\/?s={search_term_string}\"},\"query-input\":\"required name=search_term_string\"}],\"inLanguage\":\"de\"},{\"@type\":\"Organization\",\"@id\":\"https:\/\/investinbrcko.com\/#organization\",\"name\":\"MSG Virtual\",\"url\":\"https:\/\/investinbrcko.com\/\",\"logo\":{\"@type\":\"ImageObject\",\"inLanguage\":\"de\",\"@id\":\"https:\/\/investinbrcko.com\/#\/schema\/logo\/image\/\",\"url\":\"https:\/\/investinbrcko.com\/wp-content\/uploads\/2020\/07\/MSG-virtual-logo.png\",\"contentUrl\":\"https:\/\/investinbrcko.com\/wp-content\/uploads\/2020\/07\/MSG-virtual-logo.png\",\"width\":1277,\"height\":568,\"caption\":\"MSG Virtual\"},\"image\":{\"@id\":\"https:\/\/investinbrcko.com\/#\/schema\/logo\/image\/\"},\"sameAs\":[\"https:\/\/www.facebook.com\/msgvirtual\/\"]}]}<\/script>\n<!-- \/ Yoast SEO plugin. -->","yoast_head_json":{"title":"Geografische Lage - Investitraj u Brcko","robots":{"index":"index","follow":"follow","max-snippet":"max-snippet:-1","max-image-preview":"max-image-preview:large","max-video-preview":"max-video-preview:-1"},"canonical":"https:\/\/investinbrcko.com\/de\/geografische-lage\/","og_locale":"de_DE","og_type":"article","og_title":"Geografische Lage - Investitraj u Brcko","og_description":"[vc_row][vc_column css=&#8220;.vc_custom_1656238897429{padding-right: 25px !important;}&#8220; offset=&#8220;vc_col-xs-12&#8243;][vc_column_text]Die geostrategische Lage von Br\u010dko Distrikt BuH ist sehr g\u00fcnstig. Diese Standortgemeinde mit 85.000 Einwohnern befindet ist im Nordosten von Bosnien und Herzegowina \u2013 am Tor der Europ\u00e4ischen Union. Der Distrikt Br\u010dko liegt geografisch 20 km entfernt von der Dreil\u00e4ndergrenze von Bosnien und Herzegowina, Serbien und Kroatien, bzw. der Europ\u00e4ischen Union, [&hellip;]","og_url":"https:\/\/investinbrcko.com\/de\/geografische-lage\/","og_site_name":"Investitraj u Brcko","article_publisher":"https:\/\/www.facebook.com\/msgvirtual\/","article_modified_time":"2022-06-26T10:22:33+00:00","og_image":[{"width":1920,"height":643,"url":"https:\/\/investinbrcko.com\/wp-content\/uploads\/2020\/07\/msg-virtual-brcko-polozaj.png","type":"image\/png"}],"twitter_card":"summary_large_image","twitter_misc":{"Gesch\u00e4tzte Lesezeit":"2\u00a0Minuten"},"schema":{"@context":"https:\/\/schema.org","@graph":[{"@type":"WebPage","@id":"https:\/\/investinbrcko.com\/de\/geografische-lage\/","url":"https:\/\/investinbrcko.com\/de\/geografische-lage\/","name":"Geografische Lage - Investitraj u Brcko","isPartOf":{"@id":"https:\/\/investinbrcko.com\/#website"},"primaryImageOfPage":{"@id":"https:\/\/investinbrcko.com\/de\/geografische-lage\/#primaryimage"},"image":{"@id":"https:\/\/investinbrcko.com\/de\/geografische-lage\/#primaryimage"},"thumbnailUrl":"https:\/\/investinbrcko.com\/wp-content\/uploads\/2020\/07\/msg-virtual-brcko-polozaj.png","datePublished":"2020-07-07T07:51:30+00:00","dateModified":"2022-06-26T10:22:33+00:00","breadcrumb":{"@id":"https:\/\/investinbrcko.com\/de\/geografische-lage\/#breadcrumb"},"inLanguage":"de","potentialAction":[{"@type":"ReadAction","target":["https:\/\/investinbrcko.com\/de\/geografische-lage\/"]}]},{"@type":"ImageObject","inLanguage":"de","@id":"https:\/\/investinbrcko.com\/de\/geografische-lage\/#primaryimage","url":"https:\/\/investinbrcko.com\/wp-content\/uploads\/2020\/07\/msg-virtual-brcko-polozaj.png","contentUrl":"https:\/\/investinbrcko.com\/wp-content\/uploads\/2020\/07\/msg-virtual-brcko-polozaj.png","width":1920,"height":643},{"@type":"BreadcrumbList","@id":"https:\/\/investinbrcko.com\/de\/geografische-lage\/#breadcrumb","itemListElement":[{"@type":"ListItem","position":1,"name":"Po\u010detna","item":"https:\/\/investinbrcko.com\/de\/"},{"@type":"ListItem","position":2,"name":"Geografische Lage"}]},{"@type":"WebSite","@id":"https:\/\/investinbrcko.com\/#website","url":"https:\/\/investinbrcko.com\/","name":"MSG Virtual","description":"Virtuelna kancelarija Br\u010dko","publisher":{"@id":"https:\/\/investinbrcko.com\/#organization"},"potentialAction":[{"@type":"SearchAction","target":{"@type":"EntryPoint","urlTemplate":"https:\/\/investinbrcko.com\/?s={search_term_string}"},"query-input":"required name=search_term_string"}],"inLanguage":"de"},{"@type":"Organization","@id":"https:\/\/investinbrcko.com\/#organization","name":"MSG Virtual","url":"https:\/\/investinbrcko.com\/","logo":{"@type":"ImageObject","inLanguage":"de","@id":"https:\/\/investinbrcko.com\/#\/schema\/logo\/image\/","url":"https:\/\/investinbrcko.com\/wp-content\/uploads\/2020\/07\/MSG-virtual-logo.png","contentUrl":"https:\/\/investinbrcko.com\/wp-content\/uploads\/2020\/07\/MSG-virtual-logo.png","width":1277,"height":568,"caption":"MSG Virtual"},"image":{"@id":"https:\/\/investinbrcko.com\/#\/schema\/logo\/image\/"},"sameAs":["https:\/\/www.facebook.com\/msgvirtual\/"]}]}},"_links":{"self":[{"href":"https:\/\/investinbrcko.com\/de\/wp-json\/wp\/v2\/pages\/7810"}],"collection":[{"href":"https:\/\/investinbrcko.com\/de\/wp-json\/wp\/v2\/pages"}],"about":[{"href":"https:\/\/investinbrcko.com\/de\/wp-json\/wp\/v2\/types\/page"}],"author":[{"embeddable":true,"href":"https:\/\/investinbrcko.com\/de\/wp-json\/wp\/v2\/users\/1"}],"replies":[{"embeddable":true,"href":"https:\/\/investinbrcko.com\/de\/wp-json\/wp\/v2\/comments?post=7810"}],"version-history":[{"count":0,"href":"https:\/\/investinbrcko.com\/de\/wp-json\/wp\/v2\/pages\/7810\/revisions"}],"wp:featuredmedia":[{"embeddable":true,"href":"https:\/\/investinbrcko.com\/de\/wp-json\/wp\/v2\/media\/7812"}],"wp:attachment":[{"href":"https:\/\/investinbrcko.com\/de\/wp-json\/wp\/v2\/media?parent=7810"}],"curies":[{"name":"wp","href":"https:\/\/api.w.org\/{rel}","templated":true}]}}