{"id":7956,"date":"2020-06-30T06:36:34","date_gmt":"2020-06-30T06:36:34","guid":{"rendered":"https:\/\/msgvirtual.com\/registracija-udruzenja-gradjana\/"},"modified":"2022-04-03T19:55:38","modified_gmt":"2022-04-03T17:55:38","slug":"registracija-udruzenja-gradjana","status":"publish","type":"page","link":"https:\/\/investinbrcko.com\/de\/registracija-udruzenja-gradjana\/","title":{"rendered":"Registrierung eines B\u00fcrgervereins"},"content":{"rendered":"<p>[vc_row][vc_column][vc_column_text css=&#8220;.vc_custom_1598880289392{padding-bottom: -40px !important;}&#8220;]Das neue Verbands- und Stiftungsgesetz bringt eine sehr wichtige \u00c4nderung in gesch\u00e4ftliche T\u00e4tigkeiten der Nichtregierungsrganisationen in <strong>Br\u010dko Distrikt<\/strong>. Es steht dutlich fest, dass eine Nichtregierungsrganisation ihren Sitz nicht mehr an einer Privatanschrift haben darf, was f\u00fcr viele eine H\u00fcrde darstellen w\u00fcrde.<\/p>\n<p>In diesem Fall ist es notwendig, eine erneute Registrierung in Bezug auf die \u00c4nderung des Gesch\u00e4ftssitzes vorzunehmen, was gerade eine der Dienstleistungen des <strong>MSG Virtual<\/strong> ist. Zu einem sehr g\u00fcnstigen Preis nehmen wir f\u00fcr Sie eine <strong>erneute Registrierung<\/strong> vor, um Ihnen das ganze Verfahren zu erleichtern und zu vereinfachen.[\/vc_column_text]<div class=\"kd-calltoaction no_icon kd-calltoaction udruzenje\" style=\"background-color: #007cba;\">\n                <div class=\"container\">\n                  <div class=\"cta-text-container \" ><div class=\"cta-text\">\n                        <h3 style=\"color: #ffffff;\">Brauchen Sie erneute Registrierung?<\/h3><\/div>\n                    <\/div>\n                    <div class=\"cta-btncontainer\"><a href=\"https:\/\/investinbrcko.com\/de\/kontakt\/\"  title=\"Kontakt\" class=\"tt_button tt_primary_button button-action-link btn_primary_color \" >Melden Sie sich bei uns<\/a><\/div>\n                <\/div>\n            <\/div>[vc_column_text]Der Verein wird mit einer gemeinsamen Vereinbarug gegr\u00fcndet, in dem sich eine Gruppe von drei oder mehr nat\u00fcrlichen bzw. juristischen Personen (alle Kombinationen sind gestattet) wegen eines gemeinsamen oder \u00f6ffentlichen Interesses gemeinn\u00fctzig und ohne Gewinnerzielungsabsicht vereinigt.<\/p>\n<p>Mit der Eintragung in das gerichtliche Firmenbuch Br\u010dko Distrikt BuH erlangt der Verein den Status der juristischen Person.<\/p>\n<p>Eine Stiftung ist eine juristische Person, die von einer oder mehreren nat\u00fcrlichen oder juristischen Personen gegr\u00fcndet wird und dessen Ziel die Verwaltung eines bestimmten Verm\u00f6gens ist, entweder im \u00f6ffentlichen Interesse oder zu gemeinn\u00fctzigen Zwecken.<\/p>\n<p>Vereins- oder Stiftungsgr\u00fcnder k\u00f6nnen nicht der Staat, die Entit\u00e4ten, Distrikt, Kantonen, St\u00e4dte, Gemeinden, Staatsbeh\u00f6rden, Staatsunternehmen, Fonds sein, sowie keine andere staatliche Institution oder Organisation.<\/p>\n<p>Antrag auf die Eintragung in das Firmenbuch wird binnen f\u00fcnfzehn Tagen ab dem Tag der Fassung des Gr\u00fcndungsakts gestellt. Dem Antrag auf die Eintragung ist auch folgendes beizuf\u00fcgen:<\/p>\n<ul>\n<li>Gr\u00fcndungsakt<\/li>\n<li>Satzung des Vereins oder der Stiftung<\/li>\n<li>Verzeichnis der Gr\u00fcnder und der Mitglieder des Vereinvorstands<\/li>\n<li>Namen und Adressen der zur Vertretung des Vereins oder der Stiftung befugten Personen in Bosnien und Herzegowina<\/li>\n<li>Vereinsaname \/ Stiftungsname<\/li>\n<li>Vereinsschild \/ Stiftungsschild und<\/li>\n<li>Vereinsziele \/ Stiftungsziele<\/li>\n<li>Im Falle der Eintragung eines ausl\u00e4ndischen Vereins \/ einer ausl\u00e4ndischen Stiftung ist folgendes beizuf\u00fcgen:\n<ul>\n<li class=\"uvucenaLista\">Nachweis, dass die Organisation den Status als juristische Person im Ausland hat<\/li>\n<li class=\"uvucenaLista\">Erkl\u00e4rung, in der die in Br\u010dko beabsichtigten T\u00e4tigkeiten bzw. Aktivit\u00e4ten beschrieben werden<\/li>\n<li>Vor- und Nachname, Anschrift und Telefonnummer des Sitzes der Organisation im Herkunftsland und Standort der Hauptvertretung in Bosnien und Herzegowina, falls vorhanden<\/li>\n<li>Vor- und Nachname und Bezeichnung der Person, die die Hauptvertretung der Organisation in Bosnien und Herzegowina f\u00fchrt. Falls die Organisation keine Vertretung in BiH hat, dann werden Vor- und Nachname und Bezeichnung der f\u00fcr die Arbeit der Organisation in Bosnien und Herzegowina befugten Person genannt und<\/li>\n<li>Vor- und Nachname, Anschrift, Bezeichnung und Telefonnummer der von der Organisation f\u00fcr die Rechtsvertretung in Bosnien und Herzegowina befugten Person<\/li>\n<\/ul>\n<\/li>\n<\/ul>\n<p>[\/vc_column_text][vc_empty_space]<a  href=\"https:\/\/investinbrcko.com\/de\/kontakt\/\"  target=\"_self\"  title=\"Kontakt\" class=\"tt_button tt_primary_button btn_primary_color  pull-left button-action-link\" ><span class=\"prim_text\">B\u00fcrgerverein registrieren<\/span><\/a>[\/vc_column][\/vc_row]<\/p>\n","protected":false},"excerpt":{"rendered":"<p>[vc_row][vc_column][vc_column_text css=&#8220;.vc_custom_1598880289392{padding-bottom: -40px !important;}&#8220;]Das neue Verbands- und Stiftungsgesetz bringt eine sehr wichtige \u00c4nderung in gesch\u00e4ftliche T\u00e4tigkeiten der Nichtregierungsrganisationen in Br\u010dko Distrikt. Es steht dutlich fest, dass eine Nichtregierungsrganisation ihren Sitz nicht mehr an einer Privatanschrift haben darf, was f\u00fcr viele eine H\u00fcrde darstellen w\u00fcrde. In diesem Fall ist es notwendig, eine erneute Registrierung in Bezug [&hellip;]<\/p>\n","protected":false},"author":1,"featured_media":8209,"parent":0,"menu_order":0,"comment_status":"closed","ping_status":"closed","template":"","meta":{"footnotes":""},"yoast_head":"<!-- This site is optimized with the Yoast SEO plugin v22.3 - https:\/\/yoast.com\/wordpress\/plugins\/seo\/ -->\n<title>Registrierung eines B\u00fcrgervereins - Investitraj u Brcko<\/title>\n<meta name=\"robots\" content=\"index, follow, max-snippet:-1, max-image-preview:large, max-video-preview:-1\" \/>\n<link rel=\"canonical\" href=\"https:\/\/investinbrcko.com\/de\/registracija-udruzenja-gradjana\/\" \/>\n<meta property=\"og:locale\" content=\"de_DE\" \/>\n<meta property=\"og:type\" content=\"article\" \/>\n<meta property=\"og:title\" content=\"Registrierung eines B\u00fcrgervereins - Investitraj u Brcko\" \/>\n<meta property=\"og:description\" content=\"[vc_row][vc_column][vc_column_text css=&#8220;.vc_custom_1598880289392{padding-bottom: -40px !important;}&#8220;]Das neue Verbands- und Stiftungsgesetz bringt eine sehr wichtige \u00c4nderung in gesch\u00e4ftliche T\u00e4tigkeiten der Nichtregierungsrganisationen in Br\u010dko Distrikt. Es steht dutlich fest, dass eine Nichtregierungsrganisation ihren Sitz nicht mehr an einer Privatanschrift haben darf, was f\u00fcr viele eine H\u00fcrde darstellen w\u00fcrde. In diesem Fall ist es notwendig, eine erneute Registrierung in Bezug [&hellip;]\" \/>\n<meta property=\"og:url\" content=\"https:\/\/investinbrcko.com\/de\/registracija-udruzenja-gradjana\/\" \/>\n<meta property=\"og:site_name\" content=\"Investitraj u Brcko\" \/>\n<meta property=\"article:publisher\" content=\"https:\/\/www.facebook.com\/msgvirtual\/\" \/>\n<meta property=\"article:modified_time\" content=\"2022-04-03T17:55:38+00:00\" \/>\n<meta property=\"og:image\" content=\"https:\/\/investinbrcko.com\/wp-content\/uploads\/2021\/10\/cover390.jpg\" \/>\n\t<meta property=\"og:image:width\" content=\"1900\" \/>\n\t<meta property=\"og:image:height\" content=\"390\" \/>\n\t<meta property=\"og:image:type\" content=\"image\/jpeg\" \/>\n<meta name=\"twitter:card\" content=\"summary_large_image\" \/>\n<meta name=\"twitter:label1\" content=\"Gesch\u00e4tzte Lesezeit\" \/>\n\t<meta name=\"twitter:data1\" content=\"3\u00a0Minuten\" \/>\n<script type=\"application\/ld+json\" class=\"yoast-schema-graph\">{\"@context\":\"https:\/\/schema.org\",\"@graph\":[{\"@type\":\"WebPage\",\"@id\":\"https:\/\/investinbrcko.com\/de\/registracija-udruzenja-gradjana\/\",\"url\":\"https:\/\/investinbrcko.com\/de\/registracija-udruzenja-gradjana\/\",\"name\":\"Registrierung eines B\u00fcrgervereins - Investitraj u Brcko\",\"isPartOf\":{\"@id\":\"https:\/\/investinbrcko.com\/#website\"},\"primaryImageOfPage\":{\"@id\":\"https:\/\/investinbrcko.com\/de\/registracija-udruzenja-gradjana\/#primaryimage\"},\"image\":{\"@id\":\"https:\/\/investinbrcko.com\/de\/registracija-udruzenja-gradjana\/#primaryimage\"},\"thumbnailUrl\":\"https:\/\/investinbrcko.com\/wp-content\/uploads\/2021\/10\/cover390.jpg\",\"datePublished\":\"2020-06-30T06:36:34+00:00\",\"dateModified\":\"2022-04-03T17:55:38+00:00\",\"breadcrumb\":{\"@id\":\"https:\/\/investinbrcko.com\/de\/registracija-udruzenja-gradjana\/#breadcrumb\"},\"inLanguage\":\"de\",\"potentialAction\":[{\"@type\":\"ReadAction\",\"target\":[\"https:\/\/investinbrcko.com\/de\/registracija-udruzenja-gradjana\/\"]}]},{\"@type\":\"ImageObject\",\"inLanguage\":\"de\",\"@id\":\"https:\/\/investinbrcko.com\/de\/registracija-udruzenja-gradjana\/#primaryimage\",\"url\":\"https:\/\/investinbrcko.com\/wp-content\/uploads\/2021\/10\/cover390.jpg\",\"contentUrl\":\"https:\/\/investinbrcko.com\/wp-content\/uploads\/2021\/10\/cover390.jpg\",\"width\":1900,\"height\":390},{\"@type\":\"BreadcrumbList\",\"@id\":\"https:\/\/investinbrcko.com\/de\/registracija-udruzenja-gradjana\/#breadcrumb\",\"itemListElement\":[{\"@type\":\"ListItem\",\"position\":1,\"name\":\"Po\u010detna\",\"item\":\"https:\/\/investinbrcko.com\/de\/\"},{\"@type\":\"ListItem\",\"position\":2,\"name\":\"Registrierung eines B\u00fcrgervereins\"}]},{\"@type\":\"WebSite\",\"@id\":\"https:\/\/investinbrcko.com\/#website\",\"url\":\"https:\/\/investinbrcko.com\/\",\"name\":\"MSG Virtual\",\"description\":\"Virtuelna kancelarija Br\u010dko\",\"publisher\":{\"@id\":\"https:\/\/investinbrcko.com\/#organization\"},\"potentialAction\":[{\"@type\":\"SearchAction\",\"target\":{\"@type\":\"EntryPoint\",\"urlTemplate\":\"https:\/\/investinbrcko.com\/?s={search_term_string}\"},\"query-input\":\"required name=search_term_string\"}],\"inLanguage\":\"de\"},{\"@type\":\"Organization\",\"@id\":\"https:\/\/investinbrcko.com\/#organization\",\"name\":\"MSG Virtual\",\"url\":\"https:\/\/investinbrcko.com\/\",\"logo\":{\"@type\":\"ImageObject\",\"inLanguage\":\"de\",\"@id\":\"https:\/\/investinbrcko.com\/#\/schema\/logo\/image\/\",\"url\":\"https:\/\/investinbrcko.com\/wp-content\/uploads\/2020\/07\/MSG-virtual-logo.png\",\"contentUrl\":\"https:\/\/investinbrcko.com\/wp-content\/uploads\/2020\/07\/MSG-virtual-logo.png\",\"width\":1277,\"height\":568,\"caption\":\"MSG Virtual\"},\"image\":{\"@id\":\"https:\/\/investinbrcko.com\/#\/schema\/logo\/image\/\"},\"sameAs\":[\"https:\/\/www.facebook.com\/msgvirtual\/\"]}]}<\/script>\n<!-- \/ Yoast SEO plugin. -->","yoast_head_json":{"title":"Registrierung eines B\u00fcrgervereins - Investitraj u Brcko","robots":{"index":"index","follow":"follow","max-snippet":"max-snippet:-1","max-image-preview":"max-image-preview:large","max-video-preview":"max-video-preview:-1"},"canonical":"https:\/\/investinbrcko.com\/de\/registracija-udruzenja-gradjana\/","og_locale":"de_DE","og_type":"article","og_title":"Registrierung eines B\u00fcrgervereins - Investitraj u Brcko","og_description":"[vc_row][vc_column][vc_column_text css=&#8220;.vc_custom_1598880289392{padding-bottom: -40px !important;}&#8220;]Das neue Verbands- und Stiftungsgesetz bringt eine sehr wichtige \u00c4nderung in gesch\u00e4ftliche T\u00e4tigkeiten der Nichtregierungsrganisationen in Br\u010dko Distrikt. Es steht dutlich fest, dass eine Nichtregierungsrganisation ihren Sitz nicht mehr an einer Privatanschrift haben darf, was f\u00fcr viele eine H\u00fcrde darstellen w\u00fcrde. In diesem Fall ist es notwendig, eine erneute Registrierung in Bezug [&hellip;]","og_url":"https:\/\/investinbrcko.com\/de\/registracija-udruzenja-gradjana\/","og_site_name":"Investitraj u Brcko","article_publisher":"https:\/\/www.facebook.com\/msgvirtual\/","article_modified_time":"2022-04-03T17:55:38+00:00","og_image":[{"width":1900,"height":390,"url":"https:\/\/investinbrcko.com\/wp-content\/uploads\/2021\/10\/cover390.jpg","type":"image\/jpeg"}],"twitter_card":"summary_large_image","twitter_misc":{"Gesch\u00e4tzte Lesezeit":"3\u00a0Minuten"},"schema":{"@context":"https:\/\/schema.org","@graph":[{"@type":"WebPage","@id":"https:\/\/investinbrcko.com\/de\/registracija-udruzenja-gradjana\/","url":"https:\/\/investinbrcko.com\/de\/registracija-udruzenja-gradjana\/","name":"Registrierung eines B\u00fcrgervereins - Investitraj u Brcko","isPartOf":{"@id":"https:\/\/investinbrcko.com\/#website"},"primaryImageOfPage":{"@id":"https:\/\/investinbrcko.com\/de\/registracija-udruzenja-gradjana\/#primaryimage"},"image":{"@id":"https:\/\/investinbrcko.com\/de\/registracija-udruzenja-gradjana\/#primaryimage"},"thumbnailUrl":"https:\/\/investinbrcko.com\/wp-content\/uploads\/2021\/10\/cover390.jpg","datePublished":"2020-06-30T06:36:34+00:00","dateModified":"2022-04-03T17:55:38+00:00","breadcrumb":{"@id":"https:\/\/investinbrcko.com\/de\/registracija-udruzenja-gradjana\/#breadcrumb"},"inLanguage":"de","potentialAction":[{"@type":"ReadAction","target":["https:\/\/investinbrcko.com\/de\/registracija-udruzenja-gradjana\/"]}]},{"@type":"ImageObject","inLanguage":"de","@id":"https:\/\/investinbrcko.com\/de\/registracija-udruzenja-gradjana\/#primaryimage","url":"https:\/\/investinbrcko.com\/wp-content\/uploads\/2021\/10\/cover390.jpg","contentUrl":"https:\/\/investinbrcko.com\/wp-content\/uploads\/2021\/10\/cover390.jpg","width":1900,"height":390},{"@type":"BreadcrumbList","@id":"https:\/\/investinbrcko.com\/de\/registracija-udruzenja-gradjana\/#breadcrumb","itemListElement":[{"@type":"ListItem","position":1,"name":"Po\u010detna","item":"https:\/\/investinbrcko.com\/de\/"},{"@type":"ListItem","position":2,"name":"Registrierung eines B\u00fcrgervereins"}]},{"@type":"WebSite","@id":"https:\/\/investinbrcko.com\/#website","url":"https:\/\/investinbrcko.com\/","name":"MSG Virtual","description":"Virtuelna kancelarija Br\u010dko","publisher":{"@id":"https:\/\/investinbrcko.com\/#organization"},"potentialAction":[{"@type":"SearchAction","target":{"@type":"EntryPoint","urlTemplate":"https:\/\/investinbrcko.com\/?s={search_term_string}"},"query-input":"required name=search_term_string"}],"inLanguage":"de"},{"@type":"Organization","@id":"https:\/\/investinbrcko.com\/#organization","name":"MSG Virtual","url":"https:\/\/investinbrcko.com\/","logo":{"@type":"ImageObject","inLanguage":"de","@id":"https:\/\/investinbrcko.com\/#\/schema\/logo\/image\/","url":"https:\/\/investinbrcko.com\/wp-content\/uploads\/2020\/07\/MSG-virtual-logo.png","contentUrl":"https:\/\/investinbrcko.com\/wp-content\/uploads\/2020\/07\/MSG-virtual-logo.png","width":1277,"height":568,"caption":"MSG Virtual"},"image":{"@id":"https:\/\/investinbrcko.com\/#\/schema\/logo\/image\/"},"sameAs":["https:\/\/www.facebook.com\/msgvirtual\/"]}]}},"_links":{"self":[{"href":"https:\/\/investinbrcko.com\/de\/wp-json\/wp\/v2\/pages\/7956"}],"collection":[{"href":"https:\/\/investinbrcko.com\/de\/wp-json\/wp\/v2\/pages"}],"about":[{"href":"https:\/\/investinbrcko.com\/de\/wp-json\/wp\/v2\/types\/page"}],"author":[{"embeddable":true,"href":"https:\/\/investinbrcko.com\/de\/wp-json\/wp\/v2\/users\/1"}],"replies":[{"embeddable":true,"href":"https:\/\/investinbrcko.com\/de\/wp-json\/wp\/v2\/comments?post=7956"}],"version-history":[{"count":0,"href":"https:\/\/investinbrcko.com\/de\/wp-json\/wp\/v2\/pages\/7956\/revisions"}],"wp:featuredmedia":[{"embeddable":true,"href":"https:\/\/investinbrcko.com\/de\/wp-json\/wp\/v2\/media\/8209"}],"wp:attachment":[{"href":"https:\/\/investinbrcko.com\/de\/wp-json\/wp\/v2\/media?parent=7956"}],"curies":[{"name":"wp","href":"https:\/\/api.w.org\/{rel}","templated":true}]}}