{"id":9114,"date":"2022-06-26T11:42:29","date_gmt":"2022-06-26T09:42:29","guid":{"rendered":"https:\/\/investinbrcko.com\/?page_id=9114"},"modified":"2022-06-28T10:12:14","modified_gmt":"2022-06-28T08:12:14","slug":"warum-brcko","status":"publish","type":"page","link":"https:\/\/investinbrcko.com\/de\/warum-brcko\/","title":{"rendered":"Warum Br\u010dko?"},"content":{"rendered":"<p>[vc_row css=&#8220;.vc_custom_1649972993285{padding-top: 20px !important;padding-right: 20px !important;padding-bottom: 20px !important;padding-left: 20px !important;}&#8220;][vc_column offset=&#8220;vc_hidden-sm vc_hidden-xs&#8220; css=&#8220;.vc_custom_1652202847659{margin-bottom: 30px !important;}&#8220;]<header class=\"kd-section-title col-lg-12 text-center    \" ><h2 class=\"separator_off\" style=\"color: #343434;font-size: 20px;\">Zahlreiche Firmen, Vereine, Unternehmer, Stiftungen sind landes- und weltweit gesch\u00e4ftst\u00e4tig, jedoch sind sie nicht verpflichtet, wegen ihrer Gesch\u00e4ftst\u00e4tigkeit an einen bestimmten Ort gebunden zu sein. Es reicht ihnen, dass sie in einem Ort, wie in diesem Fall in Br\u010dko, ihre Vertretung oder ihren Sitz, ihr Contact-Center, ihren Ausgangspunkt (check point) haben, der sie mit den Kunden und Gesch\u00e4ftspartnerInnen, mit MitarbeiterInnen, Organisationen und Institutionen verbindet.<\/h2><\/header>[\/vc_column][\/vc_row][vc_row css=&#8220;.vc_custom_1652202876229{margin-top: -50px !important;padding-right: 20px !important;padding-left: 20px !important;}&#8220;][vc_column offset=&#8220;vc_hidden-lg vc_hidden-md&#8220;]<header class=\"kd-section-title col-lg-12 text-center    \" ><h4 class=\"separator_off\" style=\"color: #343434;font-size: 16px;\">Zahlreiche Firmen, Vereine, Unternehmer, Stiftungen sind landes- und weltweit gesch\u00e4ftst\u00e4tig, jedoch sind sie nicht verpflichtet, wegen ihrer Gesch\u00e4ftst\u00e4tigkeit an einen bestimmten Ort gebunden zu sein. Es reicht ihnen, dass sie in einem Ort, wie in diesem Fall in Br\u010dko, ihre Vertretung oder ihren Sitz, ihr Contact-Center, ihren Ausgangspunkt (check point) haben, der sie mit den Kunden und Gesch\u00e4ftspartnerInnen, mit MitarbeiterInnen, Organisationen und Institutionen verbindet.<\/h4><\/header>[\/vc_column][\/vc_row][vc_row][vc_column width=&#8220;1\/3&#8243;]<div class=\"key-icon-box icon-default icon-top cont-center ib-hover-2  kd-animated fadeInUp\" style=\"background-color: transparent;\" ><a href=\"https:\/\/investinbrcko.com\/de\/offshore-brcko-distrikt\/\" target=\"_blank\"><div class=\"ib-wrapper\"><i class=\"fas fa-building\" style=\"font-size: 38px; \"><\/i> <h4 class=\"service-heading\" ><b>Offshore<\/b><\/h4><p >M\u00f6glichkeit zur Gr\u00fcndung einer Offshore-Firma!<\/p><\/div><\/a><\/div>[\/vc_column][vc_column width=&#8220;1\/3&#8243;]<div class=\"key-icon-box icon-default icon-top cont-center ib-hover-2  kd-animated fadeInUp\" style=\"background-color: transparent;\" ><a href=\"https:\/\/investinbrcko.com\/de\/erleichterungen-fuer-rechtssubjekte\/\" target=\"_blank\"><div class=\"ib-wrapper\"><i class=\"fas fa-clipboard-list\" style=\"font-size: 38px; \"><\/i> <h4 class=\"service-heading\" ><b>Erleichterungen f\u00fcr Rechtssubjekte<\/b><\/h4><p >Rechtssubjekte, die Ihre T\u00e4tigkeit registrieren, haben das Recht auf zahlreiche Erleichterungen.<\/p><\/div><\/a><\/div>[\/vc_column][vc_column width=&#8220;1\/3&#8243;]<div class=\"key-icon-box icon-default icon-top cont-center ib-hover-2  kd-animated fadeInUp\" style=\"background-color: transparent;\" ><a href=\"https:\/\/investinbrcko.com\/de\/geografische-lage\/\" target=\"_blank\"><div class=\"ib-wrapper\"><i class=\"fas fa-map-marked-alt\" style=\"font-size: 38px; \"><\/i> <h6 class=\"service-heading\" ><b>Geografische Lage<\/b><\/h6><p >Die geostrategische Lage von Br\u010dko Distrikt BuH ist sehr g\u00fcnstig.<\/p><\/div><\/a><\/div>[\/vc_column][\/vc_row][vc_row][vc_column][vc_empty_space height=&#8220;60px&#8220;][\/vc_column][\/vc_row]<\/p>\n","protected":false},"excerpt":{"rendered":"<p>[vc_row css=&#8220;.vc_custom_1649972993285{padding-top: 20px !important;padding-right: 20px !important;padding-bottom: 20px !important;padding-left: 20px !important;}&#8220;][vc_column offset=&#8220;vc_hidden-sm vc_hidden-xs&#8220; css=&#8220;.vc_custom_1652202847659{margin-bottom: 30px !important;}&#8220;][\/vc_column][\/vc_row][vc_row css=&#8220;.vc_custom_1652202876229{margin-top: -50px !important;padding-right: 20px !important;padding-left: 20px !important;}&#8220;][vc_column offset=&#8220;vc_hidden-lg vc_hidden-md&#8220;][\/vc_column][\/vc_row][vc_row][vc_column width=&#8220;1\/3&#8243;][\/vc_column][vc_column width=&#8220;1\/3&#8243;][\/vc_column][vc_column width=&#8220;1\/3&#8243;][\/vc_column][\/vc_row][vc_row][vc_column][vc_empty_space height=&#8220;60px&#8220;][\/vc_column][\/vc_row]<\/p>\n","protected":false},"author":4,"featured_media":8209,"parent":0,"menu_order":0,"comment_status":"closed","ping_status":"closed","template":"","meta":{"footnotes":""},"yoast_head":"<!-- This site is optimized with the Yoast SEO plugin v22.3 - https:\/\/yoast.com\/wordpress\/plugins\/seo\/ -->\n<title>Warum Br\u010dko? - Investitraj u Brcko<\/title>\n<meta name=\"robots\" content=\"index, follow, max-snippet:-1, max-image-preview:large, max-video-preview:-1\" \/>\n<link rel=\"canonical\" href=\"https:\/\/investinbrcko.com\/de\/warum-brcko\/\" \/>\n<meta property=\"og:locale\" content=\"de_DE\" \/>\n<meta property=\"og:type\" content=\"article\" \/>\n<meta property=\"og:title\" content=\"Warum Br\u010dko? - Investitraj u Brcko\" \/>\n<meta property=\"og:description\" content=\"[vc_row css=&#8220;.vc_custom_1649972993285{padding-top: 20px !important;padding-right: 20px !important;padding-bottom: 20px !important;padding-left: 20px !important;}&#8220;][vc_column offset=&#8220;vc_hidden-sm vc_hidden-xs&#8220; css=&#8220;.vc_custom_1652202847659{margin-bottom: 30px !important;}&#8220;][\/vc_column][\/vc_row][vc_row css=&#8220;.vc_custom_1652202876229{margin-top: -50px !important;padding-right: 20px !important;padding-left: 20px !important;}&#8220;][vc_column offset=&#8220;vc_hidden-lg vc_hidden-md&#8220;][\/vc_column][\/vc_row][vc_row][vc_column width=&#8220;1\/3&#8243;][\/vc_column][vc_column width=&#8220;1\/3&#8243;][\/vc_column][vc_column width=&#8220;1\/3&#8243;][\/vc_column][\/vc_row][vc_row][vc_column][vc_empty_space height=&#8220;60px&#8220;][\/vc_column][\/vc_row]\" \/>\n<meta property=\"og:url\" content=\"https:\/\/investinbrcko.com\/de\/warum-brcko\/\" \/>\n<meta property=\"og:site_name\" content=\"Investitraj u Brcko\" \/>\n<meta property=\"article:publisher\" content=\"https:\/\/www.facebook.com\/msgvirtual\/\" \/>\n<meta property=\"article:modified_time\" content=\"2022-06-28T08:12:14+00:00\" \/>\n<meta property=\"og:image\" content=\"https:\/\/investinbrcko.com\/wp-content\/uploads\/2021\/10\/cover390.jpg\" \/>\n\t<meta property=\"og:image:width\" content=\"1900\" \/>\n\t<meta property=\"og:image:height\" content=\"390\" \/>\n\t<meta property=\"og:image:type\" content=\"image\/jpeg\" \/>\n<meta name=\"twitter:card\" content=\"summary_large_image\" \/>\n<meta name=\"twitter:label1\" content=\"Gesch\u00e4tzte Lesezeit\" \/>\n\t<meta name=\"twitter:data1\" content=\"2\u00a0Minuten\" \/>\n<script type=\"application\/ld+json\" class=\"yoast-schema-graph\">{\"@context\":\"https:\/\/schema.org\",\"@graph\":[{\"@type\":\"WebPage\",\"@id\":\"https:\/\/investinbrcko.com\/de\/warum-brcko\/\",\"url\":\"https:\/\/investinbrcko.com\/de\/warum-brcko\/\",\"name\":\"Warum Br\u010dko? - Investitraj u Brcko\",\"isPartOf\":{\"@id\":\"https:\/\/investinbrcko.com\/#website\"},\"primaryImageOfPage\":{\"@id\":\"https:\/\/investinbrcko.com\/de\/warum-brcko\/#primaryimage\"},\"image\":{\"@id\":\"https:\/\/investinbrcko.com\/de\/warum-brcko\/#primaryimage\"},\"thumbnailUrl\":\"https:\/\/investinbrcko.com\/wp-content\/uploads\/2021\/10\/cover390.jpg\",\"datePublished\":\"2022-06-26T09:42:29+00:00\",\"dateModified\":\"2022-06-28T08:12:14+00:00\",\"breadcrumb\":{\"@id\":\"https:\/\/investinbrcko.com\/de\/warum-brcko\/#breadcrumb\"},\"inLanguage\":\"de\",\"potentialAction\":[{\"@type\":\"ReadAction\",\"target\":[\"https:\/\/investinbrcko.com\/de\/warum-brcko\/\"]}]},{\"@type\":\"ImageObject\",\"inLanguage\":\"de\",\"@id\":\"https:\/\/investinbrcko.com\/de\/warum-brcko\/#primaryimage\",\"url\":\"https:\/\/investinbrcko.com\/wp-content\/uploads\/2021\/10\/cover390.jpg\",\"contentUrl\":\"https:\/\/investinbrcko.com\/wp-content\/uploads\/2021\/10\/cover390.jpg\",\"width\":1900,\"height\":390},{\"@type\":\"BreadcrumbList\",\"@id\":\"https:\/\/investinbrcko.com\/de\/warum-brcko\/#breadcrumb\",\"itemListElement\":[{\"@type\":\"ListItem\",\"position\":1,\"name\":\"Po\u010detna\",\"item\":\"https:\/\/investinbrcko.com\/de\/\"},{\"@type\":\"ListItem\",\"position\":2,\"name\":\"Warum Br\u010dko?\"}]},{\"@type\":\"WebSite\",\"@id\":\"https:\/\/investinbrcko.com\/#website\",\"url\":\"https:\/\/investinbrcko.com\/\",\"name\":\"MSG Virtual\",\"description\":\"Virtuelna kancelarija Br\u010dko\",\"publisher\":{\"@id\":\"https:\/\/investinbrcko.com\/#organization\"},\"potentialAction\":[{\"@type\":\"SearchAction\",\"target\":{\"@type\":\"EntryPoint\",\"urlTemplate\":\"https:\/\/investinbrcko.com\/?s={search_term_string}\"},\"query-input\":\"required name=search_term_string\"}],\"inLanguage\":\"de\"},{\"@type\":\"Organization\",\"@id\":\"https:\/\/investinbrcko.com\/#organization\",\"name\":\"MSG Virtual\",\"url\":\"https:\/\/investinbrcko.com\/\",\"logo\":{\"@type\":\"ImageObject\",\"inLanguage\":\"de\",\"@id\":\"https:\/\/investinbrcko.com\/#\/schema\/logo\/image\/\",\"url\":\"https:\/\/investinbrcko.com\/wp-content\/uploads\/2020\/07\/MSG-virtual-logo.png\",\"contentUrl\":\"https:\/\/investinbrcko.com\/wp-content\/uploads\/2020\/07\/MSG-virtual-logo.png\",\"width\":1277,\"height\":568,\"caption\":\"MSG Virtual\"},\"image\":{\"@id\":\"https:\/\/investinbrcko.com\/#\/schema\/logo\/image\/\"},\"sameAs\":[\"https:\/\/www.facebook.com\/msgvirtual\/\"]}]}<\/script>\n<!-- \/ Yoast SEO plugin. -->","yoast_head_json":{"title":"Warum Br\u010dko? - Investitraj u Brcko","robots":{"index":"index","follow":"follow","max-snippet":"max-snippet:-1","max-image-preview":"max-image-preview:large","max-video-preview":"max-video-preview:-1"},"canonical":"https:\/\/investinbrcko.com\/de\/warum-brcko\/","og_locale":"de_DE","og_type":"article","og_title":"Warum Br\u010dko? - Investitraj u Brcko","og_description":"[vc_row css=&#8220;.vc_custom_1649972993285{padding-top: 20px !important;padding-right: 20px !important;padding-bottom: 20px !important;padding-left: 20px !important;}&#8220;][vc_column offset=&#8220;vc_hidden-sm vc_hidden-xs&#8220; css=&#8220;.vc_custom_1652202847659{margin-bottom: 30px !important;}&#8220;][\/vc_column][\/vc_row][vc_row css=&#8220;.vc_custom_1652202876229{margin-top: -50px !important;padding-right: 20px !important;padding-left: 20px !important;}&#8220;][vc_column offset=&#8220;vc_hidden-lg vc_hidden-md&#8220;][\/vc_column][\/vc_row][vc_row][vc_column width=&#8220;1\/3&#8243;][\/vc_column][vc_column width=&#8220;1\/3&#8243;][\/vc_column][vc_column width=&#8220;1\/3&#8243;][\/vc_column][\/vc_row][vc_row][vc_column][vc_empty_space height=&#8220;60px&#8220;][\/vc_column][\/vc_row]","og_url":"https:\/\/investinbrcko.com\/de\/warum-brcko\/","og_site_name":"Investitraj u Brcko","article_publisher":"https:\/\/www.facebook.com\/msgvirtual\/","article_modified_time":"2022-06-28T08:12:14+00:00","og_image":[{"width":1900,"height":390,"url":"https:\/\/investinbrcko.com\/wp-content\/uploads\/2021\/10\/cover390.jpg","type":"image\/jpeg"}],"twitter_card":"summary_large_image","twitter_misc":{"Gesch\u00e4tzte Lesezeit":"2\u00a0Minuten"},"schema":{"@context":"https:\/\/schema.org","@graph":[{"@type":"WebPage","@id":"https:\/\/investinbrcko.com\/de\/warum-brcko\/","url":"https:\/\/investinbrcko.com\/de\/warum-brcko\/","name":"Warum Br\u010dko? - Investitraj u Brcko","isPartOf":{"@id":"https:\/\/investinbrcko.com\/#website"},"primaryImageOfPage":{"@id":"https:\/\/investinbrcko.com\/de\/warum-brcko\/#primaryimage"},"image":{"@id":"https:\/\/investinbrcko.com\/de\/warum-brcko\/#primaryimage"},"thumbnailUrl":"https:\/\/investinbrcko.com\/wp-content\/uploads\/2021\/10\/cover390.jpg","datePublished":"2022-06-26T09:42:29+00:00","dateModified":"2022-06-28T08:12:14+00:00","breadcrumb":{"@id":"https:\/\/investinbrcko.com\/de\/warum-brcko\/#breadcrumb"},"inLanguage":"de","potentialAction":[{"@type":"ReadAction","target":["https:\/\/investinbrcko.com\/de\/warum-brcko\/"]}]},{"@type":"ImageObject","inLanguage":"de","@id":"https:\/\/investinbrcko.com\/de\/warum-brcko\/#primaryimage","url":"https:\/\/investinbrcko.com\/wp-content\/uploads\/2021\/10\/cover390.jpg","contentUrl":"https:\/\/investinbrcko.com\/wp-content\/uploads\/2021\/10\/cover390.jpg","width":1900,"height":390},{"@type":"BreadcrumbList","@id":"https:\/\/investinbrcko.com\/de\/warum-brcko\/#breadcrumb","itemListElement":[{"@type":"ListItem","position":1,"name":"Po\u010detna","item":"https:\/\/investinbrcko.com\/de\/"},{"@type":"ListItem","position":2,"name":"Warum Br\u010dko?"}]},{"@type":"WebSite","@id":"https:\/\/investinbrcko.com\/#website","url":"https:\/\/investinbrcko.com\/","name":"MSG Virtual","description":"Virtuelna kancelarija Br\u010dko","publisher":{"@id":"https:\/\/investinbrcko.com\/#organization"},"potentialAction":[{"@type":"SearchAction","target":{"@type":"EntryPoint","urlTemplate":"https:\/\/investinbrcko.com\/?s={search_term_string}"},"query-input":"required name=search_term_string"}],"inLanguage":"de"},{"@type":"Organization","@id":"https:\/\/investinbrcko.com\/#organization","name":"MSG Virtual","url":"https:\/\/investinbrcko.com\/","logo":{"@type":"ImageObject","inLanguage":"de","@id":"https:\/\/investinbrcko.com\/#\/schema\/logo\/image\/","url":"https:\/\/investinbrcko.com\/wp-content\/uploads\/2020\/07\/MSG-virtual-logo.png","contentUrl":"https:\/\/investinbrcko.com\/wp-content\/uploads\/2020\/07\/MSG-virtual-logo.png","width":1277,"height":568,"caption":"MSG Virtual"},"image":{"@id":"https:\/\/investinbrcko.com\/#\/schema\/logo\/image\/"},"sameAs":["https:\/\/www.facebook.com\/msgvirtual\/"]}]}},"_links":{"self":[{"href":"https:\/\/investinbrcko.com\/de\/wp-json\/wp\/v2\/pages\/9114"}],"collection":[{"href":"https:\/\/investinbrcko.com\/de\/wp-json\/wp\/v2\/pages"}],"about":[{"href":"https:\/\/investinbrcko.com\/de\/wp-json\/wp\/v2\/types\/page"}],"author":[{"embeddable":true,"href":"https:\/\/investinbrcko.com\/de\/wp-json\/wp\/v2\/users\/4"}],"replies":[{"embeddable":true,"href":"https:\/\/investinbrcko.com\/de\/wp-json\/wp\/v2\/comments?post=9114"}],"version-history":[{"count":1,"href":"https:\/\/investinbrcko.com\/de\/wp-json\/wp\/v2\/pages\/9114\/revisions"}],"predecessor-version":[{"id":9482,"href":"https:\/\/investinbrcko.com\/de\/wp-json\/wp\/v2\/pages\/9114\/revisions\/9482"}],"wp:featuredmedia":[{"embeddable":true,"href":"https:\/\/investinbrcko.com\/de\/wp-json\/wp\/v2\/media\/8209"}],"wp:attachment":[{"href":"https:\/\/investinbrcko.com\/de\/wp-json\/wp\/v2\/media?parent=9114"}],"curies":[{"name":"wp","href":"https:\/\/api.w.org\/{rel}","templated":true}]}}