{"id":9181,"date":"2022-06-26T14:06:37","date_gmt":"2022-06-26T12:06:37","guid":{"rendered":"https:\/\/investinbrcko.com\/?page_id=9181"},"modified":"2022-06-28T10:28:50","modified_gmt":"2022-06-28T08:28:50","slug":"neden-brcko-bolgesi","status":"publish","type":"page","link":"https:\/\/investinbrcko.com\/tr\/neden-brcko-bolgesi\/","title":{"rendered":"Neden Br\u00e7ko B\u00f6lgesi?"},"content":{"rendered":"<p>[vc_row css=&#8221;.vc_custom_1649972993285{padding-top: 20px !important;padding-right: 20px !important;padding-bottom: 20px !important;padding-left: 20px !important;}&#8221;][vc_column css=&#8221;.vc_custom_1652202972392{margin-bottom: 30px !important;}&#8221; offset=&#8221;vc_hidden-sm vc_hidden-xs&#8221;]<header class=\"kd-section-title col-lg-12 text-center    \" ><h2 class=\"separator_off\" style=\"color: #343434;font-size: 20px;\">\u00dclke veya d\u00fcnya \u00e7ap\u0131nda faaliyet g\u00f6steren, ancak yine de i\u015fleri i\u00e7in herhangi bir yere fiziksel olarak ba\u011fl\u0131 kalmak zorunda olmayan bir\u00e7ok \u015firket, dernek, giri\u015fimci ve vak\u0131f bulunmaktad\u0131r. M\u00fc\u015fterileri ve i\u015f ortaklar\u0131, \u00e7al\u0131\u015fanlar\u0131, organizasyonlar\u0131 ve kurumlar\u0131 ile onlar\u0131 birbirine ba\u011flayan bir ba\u015flang\u0131\u00e7 noktas\u0131 (kontrol noktas\u0131) olan Br\u00e7ko gibi temsilciliklerini veya genel merkezlerini kendi yerlerinde bulundurmalar\u0131 yeterlidir.<\/h2><\/header>[\/vc_column][\/vc_row][vc_row css=&#8221;.vc_custom_1656245464424{margin-top: -50px !important;padding-right: 20px !important;padding-left: 20px !important;}&#8221;][vc_column offset=&#8221;vc_hidden-lg vc_hidden-md&#8221; css=&#8221;.vc_custom_1652203033992{margin-top: -50px !important;}&#8221;]<header class=\"kd-section-title col-lg-12 text-center    \" ><h4 class=\"separator_off\" style=\"color: #343434;font-size: 16px;\">\u00dclke veya d\u00fcnya \u00e7ap\u0131nda faaliyet g\u00f6steren, ancak yine de i\u015fleri i\u00e7in herhangi bir yere fiziksel olarak ba\u011fl\u0131 kalmak zorunda olmayan bir\u00e7ok \u015firket, dernek, giri\u015fimci ve vak\u0131f bulunmaktad\u0131r. M\u00fc\u015fterileri ve i\u015f ortaklar\u0131, \u00e7al\u0131\u015fanlar\u0131, organizasyonlar\u0131 ve kurumlar\u0131 ile onlar\u0131 birbirine ba\u011flayan bir ba\u015flang\u0131\u00e7 noktas\u0131 (kontrol noktas\u0131) olan Br\u00e7ko gibi temsilciliklerini veya genel merkezlerini kendi yerlerinde bulundurmalar\u0131 yeterlidir.<\/h4><\/header>[\/vc_column][\/vc_row][vc_row css=&#8221;.vc_custom_1649974064493{margin-top: 40px !important;}&#8221;][vc_column width=&#8221;1\/3&#8243;]<div class=\"key-icon-box icon-default icon-top cont-center ib-hover-2  kd-animated fadeInUp\" style=\"background-color: transparent;\" ><a href=\"https:\/\/investinbrcko.com\/tr\/denizasiri\/\" target=\"_blank\"><div class=\"ib-wrapper\"><i class=\"fas fa-building\" style=\"font-size: 38px; \"><\/i> <h4 class=\"service-heading\" ><b>Deniza\u015f\u0131r\u0131<\/b><\/h4><p >Bir deniza\u015f\u0131r\u0131 \u015firketi a\u00e7ma imkan\u0131!<\/p><\/div><\/a><\/div>[\/vc_column][vc_column width=&#8221;1\/3&#8243;]<div class=\"key-icon-box icon-default icon-top cont-center ib-hover-2  kd-animated fadeInUp\" style=\"background-color: transparent;\" ><a href=\"https:\/\/investinbrcko.com\/tr\/vergi-tesvikleri-tuzel-kisilere-saglanan-faydalar\/\" target=\"_blank\"><div class=\"ib-wrapper\"><i class=\"fas fa-clipboard-list\" style=\"font-size: 38px; \"><\/i> <h4 class=\"service-heading\" ><b>T\u00fczel ki\u015filere kolayl\u0131k<\/b><\/h4><p >\u0130\u015fletmelerini kaydettiren t\u00fczel ki\u015filer bir dizi avantaja hak kazan\u0131rlar.<\/p><\/div><\/a><\/div>[\/vc_column][vc_column width=&#8221;1\/3&#8243;]<div class=\"key-icon-box icon-default icon-top cont-center ib-hover-2  kd-animated fadeInUp\" style=\"background-color: transparent;\" ><a href=\"https:\/\/investinbrcko.com\/tr\/cografi-konum\/\" target=\"_blank\"><div class=\"ib-wrapper\"><i class=\"fas fa-map-marked-alt\" style=\"font-size: 38px; \"><\/i> <h6 class=\"service-heading\" ><b>Co\u011frafi konum<\/b><\/h6><p >Br\u00e7ko B\u00f6lgesi'nin jeostratejik konumu son derece iyidir.<\/p><\/div><\/a><\/div>[\/vc_column][\/vc_row][vc_row][vc_column][vc_empty_space height=&#8221;60px&#8221;][\/vc_column][\/vc_row]<\/p>\n","protected":false},"excerpt":{"rendered":"<p>[vc_row css=&#8221;.vc_custom_1649972993285{padding-top: 20px !important;padding-right: 20px !important;padding-bottom: 20px !important;padding-left: 20px !important;}&#8221;][vc_column css=&#8221;.vc_custom_1652202972392{margin-bottom: 30px !important;}&#8221; offset=&#8221;vc_hidden-sm vc_hidden-xs&#8221;][\/vc_column][\/vc_row][vc_row css=&#8221;.vc_custom_1656245464424{margin-top: -50px !important;padding-right: 20px !important;padding-left: 20px !important;}&#8221;][vc_column offset=&#8221;vc_hidden-lg vc_hidden-md&#8221; css=&#8221;.vc_custom_1652203033992{margin-top: -50px !important;}&#8221;][\/vc_column][\/vc_row][vc_row css=&#8221;.vc_custom_1649974064493{margin-top: 40px !important;}&#8221;][vc_column width=&#8221;1\/3&#8243;][\/vc_column][vc_column width=&#8221;1\/3&#8243;][\/vc_column][vc_column width=&#8221;1\/3&#8243;][\/vc_column][\/vc_row][vc_row][vc_column][vc_empty_space height=&#8221;60px&#8221;][\/vc_column][\/vc_row]<\/p>\n","protected":false},"author":4,"featured_media":9182,"parent":0,"menu_order":0,"comment_status":"closed","ping_status":"closed","template":"","meta":{"footnotes":""},"yoast_head":"<!-- This site is optimized with the Yoast SEO plugin v22.3 - https:\/\/yoast.com\/wordpress\/plugins\/seo\/ -->\n<title>Neden Br\u00e7ko B\u00f6lgesi? - Investitraj u Brcko<\/title>\n<meta name=\"robots\" content=\"index, follow, max-snippet:-1, max-image-preview:large, max-video-preview:-1\" \/>\n<link rel=\"canonical\" href=\"https:\/\/investinbrcko.com\/tr\/neden-brcko-bolgesi\/\" \/>\n<meta property=\"og:locale\" content=\"tr_TR\" \/>\n<meta property=\"og:type\" content=\"article\" \/>\n<meta property=\"og:title\" content=\"Neden Br\u00e7ko B\u00f6lgesi? - Investitraj u Brcko\" \/>\n<meta property=\"og:description\" content=\"[vc_row css=&#8221;.vc_custom_1649972993285{padding-top: 20px !important;padding-right: 20px !important;padding-bottom: 20px !important;padding-left: 20px !important;}&#8221;][vc_column css=&#8221;.vc_custom_1652202972392{margin-bottom: 30px !important;}&#8221; offset=&#8221;vc_hidden-sm vc_hidden-xs&#8221;][\/vc_column][\/vc_row][vc_row css=&#8221;.vc_custom_1656245464424{margin-top: -50px !important;padding-right: 20px !important;padding-left: 20px !important;}&#8221;][vc_column offset=&#8221;vc_hidden-lg vc_hidden-md&#8221; css=&#8221;.vc_custom_1652203033992{margin-top: -50px !important;}&#8221;][\/vc_column][\/vc_row][vc_row css=&#8221;.vc_custom_1649974064493{margin-top: 40px !important;}&#8221;][vc_column width=&#8221;1\/3&#8243;][\/vc_column][vc_column width=&#8221;1\/3&#8243;][\/vc_column][vc_column width=&#8221;1\/3&#8243;][\/vc_column][\/vc_row][vc_row][vc_column][vc_empty_space height=&#8221;60px&#8221;][\/vc_column][\/vc_row]\" \/>\n<meta property=\"og:url\" content=\"https:\/\/investinbrcko.com\/tr\/neden-brcko-bolgesi\/\" \/>\n<meta property=\"og:site_name\" content=\"Investitraj u Brcko\" \/>\n<meta property=\"article:publisher\" content=\"https:\/\/www.facebook.com\/msgvirtual\/\" \/>\n<meta property=\"article:modified_time\" content=\"2022-06-28T08:28:50+00:00\" \/>\n<meta property=\"og:image\" content=\"https:\/\/investinbrcko.com\/wp-content\/uploads\/2021\/10\/cover390.jpg\" \/>\n\t<meta property=\"og:image:width\" content=\"1900\" \/>\n\t<meta property=\"og:image:height\" content=\"390\" \/>\n\t<meta property=\"og:image:type\" content=\"image\/jpeg\" \/>\n<meta name=\"twitter:card\" content=\"summary_large_image\" \/>\n<meta name=\"twitter:label1\" content=\"Tahmini okuma s\u00fcresi\" \/>\n\t<meta name=\"twitter:data1\" content=\"2 dakika\" \/>\n<script type=\"application\/ld+json\" class=\"yoast-schema-graph\">{\"@context\":\"https:\/\/schema.org\",\"@graph\":[{\"@type\":\"WebPage\",\"@id\":\"https:\/\/investinbrcko.com\/tr\/neden-brcko-bolgesi\/\",\"url\":\"https:\/\/investinbrcko.com\/tr\/neden-brcko-bolgesi\/\",\"name\":\"Neden Br\u00e7ko B\u00f6lgesi? - Investitraj u Brcko\",\"isPartOf\":{\"@id\":\"https:\/\/investinbrcko.com\/#website\"},\"primaryImageOfPage\":{\"@id\":\"https:\/\/investinbrcko.com\/tr\/neden-brcko-bolgesi\/#primaryimage\"},\"image\":{\"@id\":\"https:\/\/investinbrcko.com\/tr\/neden-brcko-bolgesi\/#primaryimage\"},\"thumbnailUrl\":\"https:\/\/investinbrcko.com\/wp-content\/uploads\/2021\/10\/cover390.jpg\",\"datePublished\":\"2022-06-26T12:06:37+00:00\",\"dateModified\":\"2022-06-28T08:28:50+00:00\",\"breadcrumb\":{\"@id\":\"https:\/\/investinbrcko.com\/tr\/neden-brcko-bolgesi\/#breadcrumb\"},\"inLanguage\":\"tr\",\"potentialAction\":[{\"@type\":\"ReadAction\",\"target\":[\"https:\/\/investinbrcko.com\/tr\/neden-brcko-bolgesi\/\"]}]},{\"@type\":\"ImageObject\",\"inLanguage\":\"tr\",\"@id\":\"https:\/\/investinbrcko.com\/tr\/neden-brcko-bolgesi\/#primaryimage\",\"url\":\"https:\/\/investinbrcko.com\/wp-content\/uploads\/2021\/10\/cover390.jpg\",\"contentUrl\":\"https:\/\/investinbrcko.com\/wp-content\/uploads\/2021\/10\/cover390.jpg\",\"width\":1900,\"height\":390},{\"@type\":\"BreadcrumbList\",\"@id\":\"https:\/\/investinbrcko.com\/tr\/neden-brcko-bolgesi\/#breadcrumb\",\"itemListElement\":[{\"@type\":\"ListItem\",\"position\":1,\"name\":\"Po\u010detna\",\"item\":\"https:\/\/investinbrcko.com\/tr\/\"},{\"@type\":\"ListItem\",\"position\":2,\"name\":\"Neden Br\u00e7ko B\u00f6lgesi?\"}]},{\"@type\":\"WebSite\",\"@id\":\"https:\/\/investinbrcko.com\/#website\",\"url\":\"https:\/\/investinbrcko.com\/\",\"name\":\"MSG Virtual\",\"description\":\"Virtuelna kancelarija Br\u010dko\",\"publisher\":{\"@id\":\"https:\/\/investinbrcko.com\/#organization\"},\"potentialAction\":[{\"@type\":\"SearchAction\",\"target\":{\"@type\":\"EntryPoint\",\"urlTemplate\":\"https:\/\/investinbrcko.com\/?s={search_term_string}\"},\"query-input\":\"required name=search_term_string\"}],\"inLanguage\":\"tr\"},{\"@type\":\"Organization\",\"@id\":\"https:\/\/investinbrcko.com\/#organization\",\"name\":\"MSG Virtual\",\"url\":\"https:\/\/investinbrcko.com\/\",\"logo\":{\"@type\":\"ImageObject\",\"inLanguage\":\"tr\",\"@id\":\"https:\/\/investinbrcko.com\/#\/schema\/logo\/image\/\",\"url\":\"https:\/\/investinbrcko.com\/wp-content\/uploads\/2020\/07\/MSG-virtual-logo.png\",\"contentUrl\":\"https:\/\/investinbrcko.com\/wp-content\/uploads\/2020\/07\/MSG-virtual-logo.png\",\"width\":1277,\"height\":568,\"caption\":\"MSG Virtual\"},\"image\":{\"@id\":\"https:\/\/investinbrcko.com\/#\/schema\/logo\/image\/\"},\"sameAs\":[\"https:\/\/www.facebook.com\/msgvirtual\/\"]}]}<\/script>\n<!-- \/ Yoast SEO plugin. -->","yoast_head_json":{"title":"Neden Br\u00e7ko B\u00f6lgesi? - Investitraj u Brcko","robots":{"index":"index","follow":"follow","max-snippet":"max-snippet:-1","max-image-preview":"max-image-preview:large","max-video-preview":"max-video-preview:-1"},"canonical":"https:\/\/investinbrcko.com\/tr\/neden-brcko-bolgesi\/","og_locale":"tr_TR","og_type":"article","og_title":"Neden Br\u00e7ko B\u00f6lgesi? - Investitraj u Brcko","og_description":"[vc_row css=&#8221;.vc_custom_1649972993285{padding-top: 20px !important;padding-right: 20px !important;padding-bottom: 20px !important;padding-left: 20px !important;}&#8221;][vc_column css=&#8221;.vc_custom_1652202972392{margin-bottom: 30px !important;}&#8221; offset=&#8221;vc_hidden-sm vc_hidden-xs&#8221;][\/vc_column][\/vc_row][vc_row css=&#8221;.vc_custom_1656245464424{margin-top: -50px !important;padding-right: 20px !important;padding-left: 20px !important;}&#8221;][vc_column offset=&#8221;vc_hidden-lg vc_hidden-md&#8221; css=&#8221;.vc_custom_1652203033992{margin-top: -50px !important;}&#8221;][\/vc_column][\/vc_row][vc_row css=&#8221;.vc_custom_1649974064493{margin-top: 40px !important;}&#8221;][vc_column width=&#8221;1\/3&#8243;][\/vc_column][vc_column width=&#8221;1\/3&#8243;][\/vc_column][vc_column width=&#8221;1\/3&#8243;][\/vc_column][\/vc_row][vc_row][vc_column][vc_empty_space height=&#8221;60px&#8221;][\/vc_column][\/vc_row]","og_url":"https:\/\/investinbrcko.com\/tr\/neden-brcko-bolgesi\/","og_site_name":"Investitraj u Brcko","article_publisher":"https:\/\/www.facebook.com\/msgvirtual\/","article_modified_time":"2022-06-28T08:28:50+00:00","og_image":[{"width":1900,"height":390,"url":"https:\/\/investinbrcko.com\/wp-content\/uploads\/2021\/10\/cover390.jpg","type":"image\/jpeg"}],"twitter_card":"summary_large_image","twitter_misc":{"Tahmini okuma s\u00fcresi":"2 dakika"},"schema":{"@context":"https:\/\/schema.org","@graph":[{"@type":"WebPage","@id":"https:\/\/investinbrcko.com\/tr\/neden-brcko-bolgesi\/","url":"https:\/\/investinbrcko.com\/tr\/neden-brcko-bolgesi\/","name":"Neden Br\u00e7ko B\u00f6lgesi? - Investitraj u Brcko","isPartOf":{"@id":"https:\/\/investinbrcko.com\/#website"},"primaryImageOfPage":{"@id":"https:\/\/investinbrcko.com\/tr\/neden-brcko-bolgesi\/#primaryimage"},"image":{"@id":"https:\/\/investinbrcko.com\/tr\/neden-brcko-bolgesi\/#primaryimage"},"thumbnailUrl":"https:\/\/investinbrcko.com\/wp-content\/uploads\/2021\/10\/cover390.jpg","datePublished":"2022-06-26T12:06:37+00:00","dateModified":"2022-06-28T08:28:50+00:00","breadcrumb":{"@id":"https:\/\/investinbrcko.com\/tr\/neden-brcko-bolgesi\/#breadcrumb"},"inLanguage":"tr","potentialAction":[{"@type":"ReadAction","target":["https:\/\/investinbrcko.com\/tr\/neden-brcko-bolgesi\/"]}]},{"@type":"ImageObject","inLanguage":"tr","@id":"https:\/\/investinbrcko.com\/tr\/neden-brcko-bolgesi\/#primaryimage","url":"https:\/\/investinbrcko.com\/wp-content\/uploads\/2021\/10\/cover390.jpg","contentUrl":"https:\/\/investinbrcko.com\/wp-content\/uploads\/2021\/10\/cover390.jpg","width":1900,"height":390},{"@type":"BreadcrumbList","@id":"https:\/\/investinbrcko.com\/tr\/neden-brcko-bolgesi\/#breadcrumb","itemListElement":[{"@type":"ListItem","position":1,"name":"Po\u010detna","item":"https:\/\/investinbrcko.com\/tr\/"},{"@type":"ListItem","position":2,"name":"Neden Br\u00e7ko B\u00f6lgesi?"}]},{"@type":"WebSite","@id":"https:\/\/investinbrcko.com\/#website","url":"https:\/\/investinbrcko.com\/","name":"MSG Virtual","description":"Virtuelna kancelarija Br\u010dko","publisher":{"@id":"https:\/\/investinbrcko.com\/#organization"},"potentialAction":[{"@type":"SearchAction","target":{"@type":"EntryPoint","urlTemplate":"https:\/\/investinbrcko.com\/?s={search_term_string}"},"query-input":"required name=search_term_string"}],"inLanguage":"tr"},{"@type":"Organization","@id":"https:\/\/investinbrcko.com\/#organization","name":"MSG Virtual","url":"https:\/\/investinbrcko.com\/","logo":{"@type":"ImageObject","inLanguage":"tr","@id":"https:\/\/investinbrcko.com\/#\/schema\/logo\/image\/","url":"https:\/\/investinbrcko.com\/wp-content\/uploads\/2020\/07\/MSG-virtual-logo.png","contentUrl":"https:\/\/investinbrcko.com\/wp-content\/uploads\/2020\/07\/MSG-virtual-logo.png","width":1277,"height":568,"caption":"MSG Virtual"},"image":{"@id":"https:\/\/investinbrcko.com\/#\/schema\/logo\/image\/"},"sameAs":["https:\/\/www.facebook.com\/msgvirtual\/"]}]}},"_links":{"self":[{"href":"https:\/\/investinbrcko.com\/tr\/wp-json\/wp\/v2\/pages\/9181"}],"collection":[{"href":"https:\/\/investinbrcko.com\/tr\/wp-json\/wp\/v2\/pages"}],"about":[{"href":"https:\/\/investinbrcko.com\/tr\/wp-json\/wp\/v2\/types\/page"}],"author":[{"embeddable":true,"href":"https:\/\/investinbrcko.com\/tr\/wp-json\/wp\/v2\/users\/4"}],"replies":[{"embeddable":true,"href":"https:\/\/investinbrcko.com\/tr\/wp-json\/wp\/v2\/comments?post=9181"}],"version-history":[{"count":1,"href":"https:\/\/investinbrcko.com\/tr\/wp-json\/wp\/v2\/pages\/9181\/revisions"}],"predecessor-version":[{"id":9489,"href":"https:\/\/investinbrcko.com\/tr\/wp-json\/wp\/v2\/pages\/9181\/revisions\/9489"}],"wp:featuredmedia":[{"embeddable":true,"href":"https:\/\/investinbrcko.com\/tr\/wp-json\/wp\/v2\/media\/9182"}],"wp:attachment":[{"href":"https:\/\/investinbrcko.com\/tr\/wp-json\/wp\/v2\/media?parent=9181"}],"curies":[{"name":"wp","href":"https:\/\/api.w.org\/{rel}","templated":true}]}}