{"id":9186,"date":"2022-06-26T14:14:33","date_gmt":"2022-06-26T12:14:33","guid":{"rendered":"https:\/\/investinbrcko.com\/?page_id=9186"},"modified":"2022-06-26T14:17:58","modified_gmt":"2022-06-26T12:17:58","slug":"denizasiri","status":"publish","type":"page","link":"https:\/\/investinbrcko.com\/tr\/denizasiri\/","title":{"rendered":"Deniza\u015f\u0131r\u0131"},"content":{"rendered":"<p>[vc_row][vc_column][vc_column_text]<\/p>\n<p style=\"text-align: center;\">Uluslararas\u0131 veya s\u0131n\u0131r \u00f6tesi giri\u015fimlerde bulunuyorsan\u0131z veya yaln\u0131zca uluslararas\u0131 alanda faaliyet g\u00f6stermeyi planl\u0131yorsan\u0131z, ihtiyac\u0131n\u0131z olan \u015fey bir deniza\u015f\u0131r\u0131 \u015firkettir. \u015eirketinizi kurdu\u011funuz \u00fclkenin vatanda\u015f\u0131 olmad\u0131\u011f\u0131n\u0131z s\u00fcrece, o \u015firket bir deniza\u015f\u0131r\u0131 \u015firket olarak kabul edilir. Deniza\u015f\u0131r\u0131 i\u015f faaliyetleri, uluslararas\u0131 i\u015f yap\u0131lanmas\u0131, aile m\u00fclk y\u00f6netimi veya vergi planlamas\u0131 ile ilgili her \u015feyi kapsar.<\/p>\n<p style=\"text-align: center;\">Br\u00e7ko B\u00f6lgesi, mevzuat\u0131 arac\u0131l\u0131\u011f\u0131yla t\u00fczel ki\u015filerin ekonomik geli\u015fimini te\u015fvik etmeyi, istihdam oran\u0131n\u0131 ve rekabet g\u00fcc\u00fcn\u00fc art\u0131rmay\u0131 ve alan\u0131na yeni yat\u0131r\u0131mc\u0131lar \u00e7ekmeyi ama\u00e7lamaktad\u0131r.<\/p>\n<p>[\/vc_column_text][vc_empty_space]<a  href=\"https:\/\/investinbrcko.com\/tr\/iletisim\/\"  target=\"_self\"  title=\"Yat\u0131r\u0131m yapmaya haz\u0131r m\u0131s\u0131n\u0131z?\" class=\"tt_button tt_primary_button btn_primary_color  button-center button-action-link\" ><span class=\"prim_text\">Yat\u0131r\u0131m yapmaya haz\u0131r m\u0131s\u0131n\u0131z?<\/span><\/a>[\/vc_column][\/vc_row]<\/p>\n","protected":false},"excerpt":{"rendered":"<p>[vc_row][vc_column][vc_column_text] Uluslararas\u0131 veya s\u0131n\u0131r \u00f6tesi giri\u015fimlerde bulunuyorsan\u0131z veya yaln\u0131zca uluslararas\u0131 alanda faaliyet g\u00f6stermeyi planl\u0131yorsan\u0131z, ihtiyac\u0131n\u0131z olan \u015fey bir deniza\u015f\u0131r\u0131 \u015firkettir. \u015eirketinizi kurdu\u011funuz \u00fclkenin vatanda\u015f\u0131 olmad\u0131\u011f\u0131n\u0131z s\u00fcrece, o \u015firket bir deniza\u015f\u0131r\u0131 \u015firket olarak kabul edilir. Deniza\u015f\u0131r\u0131 i\u015f faaliyetleri, uluslararas\u0131 i\u015f yap\u0131lanmas\u0131, aile m\u00fclk y\u00f6netimi veya vergi planlamas\u0131 ile ilgili her \u015feyi kapsar. Br\u00e7ko B\u00f6lgesi, mevzuat\u0131 arac\u0131l\u0131\u011f\u0131yla [&hellip;]<\/p>\n","protected":false},"author":4,"featured_media":9182,"parent":0,"menu_order":0,"comment_status":"closed","ping_status":"closed","template":"","meta":{"footnotes":""},"yoast_head":"<!-- This site is optimized with the Yoast SEO plugin v22.3 - https:\/\/yoast.com\/wordpress\/plugins\/seo\/ -->\n<title>Deniza\u015f\u0131r\u0131 - Investitraj u Brcko<\/title>\n<meta name=\"robots\" content=\"index, follow, max-snippet:-1, max-image-preview:large, max-video-preview:-1\" \/>\n<link rel=\"canonical\" href=\"https:\/\/investinbrcko.com\/tr\/denizasiri\/\" \/>\n<meta property=\"og:locale\" content=\"tr_TR\" \/>\n<meta property=\"og:type\" content=\"article\" \/>\n<meta property=\"og:title\" content=\"Deniza\u015f\u0131r\u0131 - Investitraj u Brcko\" \/>\n<meta property=\"og:description\" content=\"[vc_row][vc_column][vc_column_text] Uluslararas\u0131 veya s\u0131n\u0131r \u00f6tesi giri\u015fimlerde bulunuyorsan\u0131z veya yaln\u0131zca uluslararas\u0131 alanda faaliyet g\u00f6stermeyi planl\u0131yorsan\u0131z, ihtiyac\u0131n\u0131z olan \u015fey bir deniza\u015f\u0131r\u0131 \u015firkettir. \u015eirketinizi kurdu\u011funuz \u00fclkenin vatanda\u015f\u0131 olmad\u0131\u011f\u0131n\u0131z s\u00fcrece, o \u015firket bir deniza\u015f\u0131r\u0131 \u015firket olarak kabul edilir. Deniza\u015f\u0131r\u0131 i\u015f faaliyetleri, uluslararas\u0131 i\u015f yap\u0131lanmas\u0131, aile m\u00fclk y\u00f6netimi veya vergi planlamas\u0131 ile ilgili her \u015feyi kapsar. Br\u00e7ko B\u00f6lgesi, mevzuat\u0131 arac\u0131l\u0131\u011f\u0131yla [&hellip;]\" \/>\n<meta property=\"og:url\" content=\"https:\/\/investinbrcko.com\/tr\/denizasiri\/\" \/>\n<meta property=\"og:site_name\" content=\"Investitraj u Brcko\" \/>\n<meta property=\"article:publisher\" content=\"https:\/\/www.facebook.com\/msgvirtual\/\" \/>\n<meta property=\"article:modified_time\" content=\"2022-06-26T12:17:58+00:00\" \/>\n<meta property=\"og:image\" content=\"https:\/\/investinbrcko.com\/wp-content\/uploads\/2021\/10\/cover390.jpg\" \/>\n\t<meta property=\"og:image:width\" content=\"1900\" \/>\n\t<meta property=\"og:image:height\" content=\"390\" \/>\n\t<meta property=\"og:image:type\" content=\"image\/jpeg\" \/>\n<meta name=\"twitter:card\" content=\"summary_large_image\" \/>\n<meta name=\"twitter:label1\" content=\"Tahmini okuma s\u00fcresi\" \/>\n\t<meta name=\"twitter:data1\" content=\"1 dakika\" \/>\n<script type=\"application\/ld+json\" class=\"yoast-schema-graph\">{\"@context\":\"https:\/\/schema.org\",\"@graph\":[{\"@type\":\"WebPage\",\"@id\":\"https:\/\/investinbrcko.com\/tr\/denizasiri\/\",\"url\":\"https:\/\/investinbrcko.com\/tr\/denizasiri\/\",\"name\":\"Deniza\u015f\u0131r\u0131 - Investitraj u Brcko\",\"isPartOf\":{\"@id\":\"https:\/\/investinbrcko.com\/#website\"},\"primaryImageOfPage\":{\"@id\":\"https:\/\/investinbrcko.com\/tr\/denizasiri\/#primaryimage\"},\"image\":{\"@id\":\"https:\/\/investinbrcko.com\/tr\/denizasiri\/#primaryimage\"},\"thumbnailUrl\":\"https:\/\/investinbrcko.com\/wp-content\/uploads\/2021\/10\/cover390.jpg\",\"datePublished\":\"2022-06-26T12:14:33+00:00\",\"dateModified\":\"2022-06-26T12:17:58+00:00\",\"breadcrumb\":{\"@id\":\"https:\/\/investinbrcko.com\/tr\/denizasiri\/#breadcrumb\"},\"inLanguage\":\"tr\",\"potentialAction\":[{\"@type\":\"ReadAction\",\"target\":[\"https:\/\/investinbrcko.com\/tr\/denizasiri\/\"]}]},{\"@type\":\"ImageObject\",\"inLanguage\":\"tr\",\"@id\":\"https:\/\/investinbrcko.com\/tr\/denizasiri\/#primaryimage\",\"url\":\"https:\/\/investinbrcko.com\/wp-content\/uploads\/2021\/10\/cover390.jpg\",\"contentUrl\":\"https:\/\/investinbrcko.com\/wp-content\/uploads\/2021\/10\/cover390.jpg\",\"width\":1900,\"height\":390},{\"@type\":\"BreadcrumbList\",\"@id\":\"https:\/\/investinbrcko.com\/tr\/denizasiri\/#breadcrumb\",\"itemListElement\":[{\"@type\":\"ListItem\",\"position\":1,\"name\":\"Po\u010detna\",\"item\":\"https:\/\/investinbrcko.com\/tr\/\"},{\"@type\":\"ListItem\",\"position\":2,\"name\":\"Deniza\u015f\u0131r\u0131\"}]},{\"@type\":\"WebSite\",\"@id\":\"https:\/\/investinbrcko.com\/#website\",\"url\":\"https:\/\/investinbrcko.com\/\",\"name\":\"MSG Virtual\",\"description\":\"Virtuelna kancelarija Br\u010dko\",\"publisher\":{\"@id\":\"https:\/\/investinbrcko.com\/#organization\"},\"potentialAction\":[{\"@type\":\"SearchAction\",\"target\":{\"@type\":\"EntryPoint\",\"urlTemplate\":\"https:\/\/investinbrcko.com\/?s={search_term_string}\"},\"query-input\":\"required name=search_term_string\"}],\"inLanguage\":\"tr\"},{\"@type\":\"Organization\",\"@id\":\"https:\/\/investinbrcko.com\/#organization\",\"name\":\"MSG Virtual\",\"url\":\"https:\/\/investinbrcko.com\/\",\"logo\":{\"@type\":\"ImageObject\",\"inLanguage\":\"tr\",\"@id\":\"https:\/\/investinbrcko.com\/#\/schema\/logo\/image\/\",\"url\":\"https:\/\/investinbrcko.com\/wp-content\/uploads\/2020\/07\/MSG-virtual-logo.png\",\"contentUrl\":\"https:\/\/investinbrcko.com\/wp-content\/uploads\/2020\/07\/MSG-virtual-logo.png\",\"width\":1277,\"height\":568,\"caption\":\"MSG Virtual\"},\"image\":{\"@id\":\"https:\/\/investinbrcko.com\/#\/schema\/logo\/image\/\"},\"sameAs\":[\"https:\/\/www.facebook.com\/msgvirtual\/\"]}]}<\/script>\n<!-- \/ Yoast SEO plugin. -->","yoast_head_json":{"title":"Deniza\u015f\u0131r\u0131 - Investitraj u Brcko","robots":{"index":"index","follow":"follow","max-snippet":"max-snippet:-1","max-image-preview":"max-image-preview:large","max-video-preview":"max-video-preview:-1"},"canonical":"https:\/\/investinbrcko.com\/tr\/denizasiri\/","og_locale":"tr_TR","og_type":"article","og_title":"Deniza\u015f\u0131r\u0131 - Investitraj u Brcko","og_description":"[vc_row][vc_column][vc_column_text] Uluslararas\u0131 veya s\u0131n\u0131r \u00f6tesi giri\u015fimlerde bulunuyorsan\u0131z veya yaln\u0131zca uluslararas\u0131 alanda faaliyet g\u00f6stermeyi planl\u0131yorsan\u0131z, ihtiyac\u0131n\u0131z olan \u015fey bir deniza\u015f\u0131r\u0131 \u015firkettir. \u015eirketinizi kurdu\u011funuz \u00fclkenin vatanda\u015f\u0131 olmad\u0131\u011f\u0131n\u0131z s\u00fcrece, o \u015firket bir deniza\u015f\u0131r\u0131 \u015firket olarak kabul edilir. Deniza\u015f\u0131r\u0131 i\u015f faaliyetleri, uluslararas\u0131 i\u015f yap\u0131lanmas\u0131, aile m\u00fclk y\u00f6netimi veya vergi planlamas\u0131 ile ilgili her \u015feyi kapsar. Br\u00e7ko B\u00f6lgesi, mevzuat\u0131 arac\u0131l\u0131\u011f\u0131yla [&hellip;]","og_url":"https:\/\/investinbrcko.com\/tr\/denizasiri\/","og_site_name":"Investitraj u Brcko","article_publisher":"https:\/\/www.facebook.com\/msgvirtual\/","article_modified_time":"2022-06-26T12:17:58+00:00","og_image":[{"width":1900,"height":390,"url":"https:\/\/investinbrcko.com\/wp-content\/uploads\/2021\/10\/cover390.jpg","type":"image\/jpeg"}],"twitter_card":"summary_large_image","twitter_misc":{"Tahmini okuma s\u00fcresi":"1 dakika"},"schema":{"@context":"https:\/\/schema.org","@graph":[{"@type":"WebPage","@id":"https:\/\/investinbrcko.com\/tr\/denizasiri\/","url":"https:\/\/investinbrcko.com\/tr\/denizasiri\/","name":"Deniza\u015f\u0131r\u0131 - Investitraj u Brcko","isPartOf":{"@id":"https:\/\/investinbrcko.com\/#website"},"primaryImageOfPage":{"@id":"https:\/\/investinbrcko.com\/tr\/denizasiri\/#primaryimage"},"image":{"@id":"https:\/\/investinbrcko.com\/tr\/denizasiri\/#primaryimage"},"thumbnailUrl":"https:\/\/investinbrcko.com\/wp-content\/uploads\/2021\/10\/cover390.jpg","datePublished":"2022-06-26T12:14:33+00:00","dateModified":"2022-06-26T12:17:58+00:00","breadcrumb":{"@id":"https:\/\/investinbrcko.com\/tr\/denizasiri\/#breadcrumb"},"inLanguage":"tr","potentialAction":[{"@type":"ReadAction","target":["https:\/\/investinbrcko.com\/tr\/denizasiri\/"]}]},{"@type":"ImageObject","inLanguage":"tr","@id":"https:\/\/investinbrcko.com\/tr\/denizasiri\/#primaryimage","url":"https:\/\/investinbrcko.com\/wp-content\/uploads\/2021\/10\/cover390.jpg","contentUrl":"https:\/\/investinbrcko.com\/wp-content\/uploads\/2021\/10\/cover390.jpg","width":1900,"height":390},{"@type":"BreadcrumbList","@id":"https:\/\/investinbrcko.com\/tr\/denizasiri\/#breadcrumb","itemListElement":[{"@type":"ListItem","position":1,"name":"Po\u010detna","item":"https:\/\/investinbrcko.com\/tr\/"},{"@type":"ListItem","position":2,"name":"Deniza\u015f\u0131r\u0131"}]},{"@type":"WebSite","@id":"https:\/\/investinbrcko.com\/#website","url":"https:\/\/investinbrcko.com\/","name":"MSG Virtual","description":"Virtuelna kancelarija Br\u010dko","publisher":{"@id":"https:\/\/investinbrcko.com\/#organization"},"potentialAction":[{"@type":"SearchAction","target":{"@type":"EntryPoint","urlTemplate":"https:\/\/investinbrcko.com\/?s={search_term_string}"},"query-input":"required name=search_term_string"}],"inLanguage":"tr"},{"@type":"Organization","@id":"https:\/\/investinbrcko.com\/#organization","name":"MSG Virtual","url":"https:\/\/investinbrcko.com\/","logo":{"@type":"ImageObject","inLanguage":"tr","@id":"https:\/\/investinbrcko.com\/#\/schema\/logo\/image\/","url":"https:\/\/investinbrcko.com\/wp-content\/uploads\/2020\/07\/MSG-virtual-logo.png","contentUrl":"https:\/\/investinbrcko.com\/wp-content\/uploads\/2020\/07\/MSG-virtual-logo.png","width":1277,"height":568,"caption":"MSG Virtual"},"image":{"@id":"https:\/\/investinbrcko.com\/#\/schema\/logo\/image\/"},"sameAs":["https:\/\/www.facebook.com\/msgvirtual\/"]}]}},"_links":{"self":[{"href":"https:\/\/investinbrcko.com\/tr\/wp-json\/wp\/v2\/pages\/9186"}],"collection":[{"href":"https:\/\/investinbrcko.com\/tr\/wp-json\/wp\/v2\/pages"}],"about":[{"href":"https:\/\/investinbrcko.com\/tr\/wp-json\/wp\/v2\/types\/page"}],"author":[{"embeddable":true,"href":"https:\/\/investinbrcko.com\/tr\/wp-json\/wp\/v2\/users\/4"}],"replies":[{"embeddable":true,"href":"https:\/\/investinbrcko.com\/tr\/wp-json\/wp\/v2\/comments?post=9186"}],"version-history":[{"count":0,"href":"https:\/\/investinbrcko.com\/tr\/wp-json\/wp\/v2\/pages\/9186\/revisions"}],"wp:featuredmedia":[{"embeddable":true,"href":"https:\/\/investinbrcko.com\/tr\/wp-json\/wp\/v2\/media\/9182"}],"wp:attachment":[{"href":"https:\/\/investinbrcko.com\/tr\/wp-json\/wp\/v2\/media?parent=9186"}],"curies":[{"name":"wp","href":"https:\/\/api.w.org\/{rel}","templated":true}]}}