{"id":9190,"date":"2022-06-26T14:20:12","date_gmt":"2022-06-26T12:20:12","guid":{"rendered":"https:\/\/investinbrcko.com\/?page_id=9190"},"modified":"2022-06-26T18:36:48","modified_gmt":"2022-06-26T16:36:48","slug":"vergi-tesvikleri-tuzel-kisilere-saglanan-faydalar","status":"publish","type":"page","link":"https:\/\/investinbrcko.com\/tr\/vergi-tesvikleri-tuzel-kisilere-saglanan-faydalar\/","title":{"rendered":"Vergi te\u015fvikleri \u2013 t\u00fczel ki\u015filere sa\u011flanan faydalar"},"content":{"rendered":"<p>[vc_row][vc_column][vc_column_text]Ekonomik kalk\u0131nman\u0131n te\u015fvik edilmesi, farkl\u0131 yararlar sa\u011flayarak ve yeni yat\u0131r\u0131mlar\u0131 finanse ederek yap\u0131lmaktad\u0131r.<\/p>\n<p>\u0130\u015fletmelerini kaydeden t\u00fczel ki\u015filer \u00e7e\u015fitli avantajlardan yararlanabilir:<\/p>\n<ul>\n<li>\u015firket ad\u0131 g\u00f6r\u00fcnt\u00fcleme \u00fccretinden toplam muafiyet;<\/li>\n<li>t\u00fczel ki\u015filer i\u00e7in ticari kurulu\u015fun tescili ve mahkeme sicilinde de\u011fi\u015fiklik tescili i\u00e7in \u00fccret iadesi,<\/li>\n<li>elektrik \u015febekesine ba\u011flanmaya ili\u015fkin hizmet \u00fccretlerinin ve hizmetlerin maliyetlerinin iadesi<\/li>\n<li>su temini ve kanalizasyon \u015febekelerine ba\u011flant\u0131 ile ilgili hizmet \u00fccretlerinin, i\u015f ve hizmetlerin maliyetlerinin iadesi<\/li>\n<li>kentsel, yap\u0131 ve i\u015fletme izinlerinin al\u0131nmas\u0131 i\u00e7in gerekli \u00fccretlerin iadesi;<\/li>\n<li>bir t\u00fczel ki\u015fi ve bir konut taraf\u0131ndan \u00f6denen elektrik ve su fiyatlar\u0131 aras\u0131ndaki fark kadar t\u00fcketilen elektrik enerjisi ve su tutar\u0131n\u0131n iadesi<\/li>\n<li>i\u015fsizlerin her yeni i\u015fe al\u0131m\u0131 i\u00e7in \u00fccret iadesi<\/li>\n<li>do\u011fum izni s\u0131ras\u0131nda vergi ve katk\u0131 paylar\u0131n\u0131n iadesi<\/li>\n<li><strong>Bosna Hersek&#8217;in Br\u00e7ko B\u00f6lgesi\u2019nin Kurumlar Vergisi Kanunu&#8217;na g\u00f6re, y\u0131ll\u0131k beyanname \u00fczerinde tam muafiyet hakk\u0131n\u0131n ger\u00e7ekle\u015fmesinden sonra, yat\u0131r\u0131m tutar\u0131 kadar matrah d\u00fc\u015f\u00fcr\u00fclerek, sabit sermaye al\u0131m\u0131 amac\u0131yla yeni yat\u0131r\u0131mlar i\u00e7in kullan\u0131lan para tutar\u0131n\u0131n iadesi<\/strong><\/li>\n<li>sertifikalara yap\u0131lan harcamalar i\u00e7in k\u0131smi geri \u00f6deme<\/li>\n<\/ul>\n<p>Faydalara hak kazanabilmek i\u00e7in bir \u015firketin belirli ko\u015fullar\u0131 yerine getirmesi gerekir:<\/p>\n<ul>\n<li>Br\u00e7ko B\u00f6lgesi&#8217;nin yasal d\u00fczenlemelerine g\u00f6re kurulmu\u015f ve tescil edilmi\u015f olmal\u0131,<\/li>\n<li>Br\u00e7ko B\u00f6lgesi&#8217;nde yer almal\u0131,<\/li>\n<li>Toplam tam zamanl\u0131 \u00e7al\u0131\u015fanlar\u0131n\u0131n en az %50&#8217;si (y\u00fczde ellisi) Br\u00e7ko B\u00f6lgesi&#8217;nde ikamet etmeli<\/li>\n<li>\u015eirket, Br.ko B\u00f6lgesi&#8217;ne ait olan i\u015fyeri ve kamusal alanlar\u0131n kiralanmas\u0131n\u0131n yan\u0131 s\u0131ra maa\u015flar ve \u00fccretler, kamu hizmetleri ile ilgili vergiler, genel vergiler ve katk\u0131 paylar\u0131 ile ilgili yasal y\u00fck\u00fcml\u00fcl\u00fcklerini yerine getirmeli,<\/li>\n<li>\u0130\u015f akdi olmayan ki\u015filerin \u00e7al\u0131\u015ft\u0131r\u0131lmas\u0131na herhangi bir yapt\u0131r\u0131m uygulanmam\u0131\u015f olmal\u0131d\u0131r.<\/li>\n<\/ul>\n<p>[\/vc_column_text][vc_empty_space][\/vc_column][\/vc_row][vc_row][vc_column]<a  href=\"https:\/\/investinbrcko.com\/tr\/iletisim\/\"  target=\"_self\"  title=\"Yat\u0131r\u0131m yapmaya haz\u0131r m\u0131s\u0131n\u0131z?\" class=\"tt_button tt_primary_button btn_primary_color  button-center button-action-link\" ><span class=\"prim_text\">Yat\u0131r\u0131m yapmaya haz\u0131r m\u0131s\u0131n\u0131z?<\/span><\/a>[\/vc_column][\/vc_row]<\/p>\n","protected":false},"excerpt":{"rendered":"<p>[vc_row][vc_column][vc_column_text]Ekonomik kalk\u0131nman\u0131n te\u015fvik edilmesi, farkl\u0131 yararlar sa\u011flayarak ve yeni yat\u0131r\u0131mlar\u0131 finanse ederek yap\u0131lmaktad\u0131r. \u0130\u015fletmelerini kaydeden t\u00fczel ki\u015filer \u00e7e\u015fitli avantajlardan yararlanabilir: \u015firket ad\u0131 g\u00f6r\u00fcnt\u00fcleme \u00fccretinden toplam muafiyet; t\u00fczel ki\u015filer i\u00e7in ticari kurulu\u015fun tescili ve mahkeme sicilinde de\u011fi\u015fiklik tescili i\u00e7in \u00fccret iadesi, elektrik \u015febekesine ba\u011flanmaya ili\u015fkin hizmet \u00fccretlerinin ve hizmetlerin maliyetlerinin iadesi su temini ve kanalizasyon \u015febekelerine [&hellip;]<\/p>\n","protected":false},"author":4,"featured_media":9182,"parent":0,"menu_order":0,"comment_status":"closed","ping_status":"closed","template":"","meta":{"footnotes":""},"yoast_head":"<!-- This site is optimized with the Yoast SEO plugin v22.3 - https:\/\/yoast.com\/wordpress\/plugins\/seo\/ -->\n<title>Vergi te\u015fvikleri \u2013 t\u00fczel ki\u015filere sa\u011flanan faydalar - Investitraj u Brcko<\/title>\n<meta name=\"robots\" content=\"index, follow, max-snippet:-1, max-image-preview:large, max-video-preview:-1\" \/>\n<link rel=\"canonical\" href=\"https:\/\/investinbrcko.com\/tr\/vergi-tesvikleri-tuzel-kisilere-saglanan-faydalar\/\" \/>\n<meta property=\"og:locale\" content=\"tr_TR\" \/>\n<meta property=\"og:type\" content=\"article\" \/>\n<meta property=\"og:title\" content=\"Vergi te\u015fvikleri \u2013 t\u00fczel ki\u015filere sa\u011flanan faydalar - Investitraj u Brcko\" \/>\n<meta property=\"og:description\" content=\"[vc_row][vc_column][vc_column_text]Ekonomik kalk\u0131nman\u0131n te\u015fvik edilmesi, farkl\u0131 yararlar sa\u011flayarak ve yeni yat\u0131r\u0131mlar\u0131 finanse ederek yap\u0131lmaktad\u0131r. \u0130\u015fletmelerini kaydeden t\u00fczel ki\u015filer \u00e7e\u015fitli avantajlardan yararlanabilir: \u015firket ad\u0131 g\u00f6r\u00fcnt\u00fcleme \u00fccretinden toplam muafiyet; t\u00fczel ki\u015filer i\u00e7in ticari kurulu\u015fun tescili ve mahkeme sicilinde de\u011fi\u015fiklik tescili i\u00e7in \u00fccret iadesi, elektrik \u015febekesine ba\u011flanmaya ili\u015fkin hizmet \u00fccretlerinin ve hizmetlerin maliyetlerinin iadesi su temini ve kanalizasyon \u015febekelerine [&hellip;]\" \/>\n<meta property=\"og:url\" content=\"https:\/\/investinbrcko.com\/tr\/vergi-tesvikleri-tuzel-kisilere-saglanan-faydalar\/\" \/>\n<meta property=\"og:site_name\" content=\"Investitraj u Brcko\" \/>\n<meta property=\"article:publisher\" content=\"https:\/\/www.facebook.com\/msgvirtual\/\" \/>\n<meta property=\"article:modified_time\" content=\"2022-06-26T16:36:48+00:00\" \/>\n<meta property=\"og:image\" content=\"https:\/\/investinbrcko.com\/wp-content\/uploads\/2021\/10\/cover390.jpg\" \/>\n\t<meta property=\"og:image:width\" content=\"1900\" \/>\n\t<meta property=\"og:image:height\" content=\"390\" \/>\n\t<meta property=\"og:image:type\" content=\"image\/jpeg\" \/>\n<meta name=\"twitter:card\" content=\"summary_large_image\" \/>\n<meta name=\"twitter:label1\" content=\"Tahmini okuma s\u00fcresi\" \/>\n\t<meta name=\"twitter:data1\" content=\"2 dakika\" \/>\n<script type=\"application\/ld+json\" class=\"yoast-schema-graph\">{\"@context\":\"https:\/\/schema.org\",\"@graph\":[{\"@type\":\"WebPage\",\"@id\":\"https:\/\/investinbrcko.com\/tr\/vergi-tesvikleri-tuzel-kisilere-saglanan-faydalar\/\",\"url\":\"https:\/\/investinbrcko.com\/tr\/vergi-tesvikleri-tuzel-kisilere-saglanan-faydalar\/\",\"name\":\"Vergi te\u015fvikleri \u2013 t\u00fczel ki\u015filere sa\u011flanan faydalar - Investitraj u Brcko\",\"isPartOf\":{\"@id\":\"https:\/\/investinbrcko.com\/#website\"},\"primaryImageOfPage\":{\"@id\":\"https:\/\/investinbrcko.com\/tr\/vergi-tesvikleri-tuzel-kisilere-saglanan-faydalar\/#primaryimage\"},\"image\":{\"@id\":\"https:\/\/investinbrcko.com\/tr\/vergi-tesvikleri-tuzel-kisilere-saglanan-faydalar\/#primaryimage\"},\"thumbnailUrl\":\"https:\/\/investinbrcko.com\/wp-content\/uploads\/2021\/10\/cover390.jpg\",\"datePublished\":\"2022-06-26T12:20:12+00:00\",\"dateModified\":\"2022-06-26T16:36:48+00:00\",\"breadcrumb\":{\"@id\":\"https:\/\/investinbrcko.com\/tr\/vergi-tesvikleri-tuzel-kisilere-saglanan-faydalar\/#breadcrumb\"},\"inLanguage\":\"tr\",\"potentialAction\":[{\"@type\":\"ReadAction\",\"target\":[\"https:\/\/investinbrcko.com\/tr\/vergi-tesvikleri-tuzel-kisilere-saglanan-faydalar\/\"]}]},{\"@type\":\"ImageObject\",\"inLanguage\":\"tr\",\"@id\":\"https:\/\/investinbrcko.com\/tr\/vergi-tesvikleri-tuzel-kisilere-saglanan-faydalar\/#primaryimage\",\"url\":\"https:\/\/investinbrcko.com\/wp-content\/uploads\/2021\/10\/cover390.jpg\",\"contentUrl\":\"https:\/\/investinbrcko.com\/wp-content\/uploads\/2021\/10\/cover390.jpg\",\"width\":1900,\"height\":390},{\"@type\":\"BreadcrumbList\",\"@id\":\"https:\/\/investinbrcko.com\/tr\/vergi-tesvikleri-tuzel-kisilere-saglanan-faydalar\/#breadcrumb\",\"itemListElement\":[{\"@type\":\"ListItem\",\"position\":1,\"name\":\"Po\u010detna\",\"item\":\"https:\/\/investinbrcko.com\/tr\/\"},{\"@type\":\"ListItem\",\"position\":2,\"name\":\"Vergi te\u015fvikleri \u2013 t\u00fczel ki\u015filere sa\u011flanan faydalar\"}]},{\"@type\":\"WebSite\",\"@id\":\"https:\/\/investinbrcko.com\/#website\",\"url\":\"https:\/\/investinbrcko.com\/\",\"name\":\"MSG Virtual\",\"description\":\"Virtuelna kancelarija Br\u010dko\",\"publisher\":{\"@id\":\"https:\/\/investinbrcko.com\/#organization\"},\"potentialAction\":[{\"@type\":\"SearchAction\",\"target\":{\"@type\":\"EntryPoint\",\"urlTemplate\":\"https:\/\/investinbrcko.com\/?s={search_term_string}\"},\"query-input\":\"required name=search_term_string\"}],\"inLanguage\":\"tr\"},{\"@type\":\"Organization\",\"@id\":\"https:\/\/investinbrcko.com\/#organization\",\"name\":\"MSG Virtual\",\"url\":\"https:\/\/investinbrcko.com\/\",\"logo\":{\"@type\":\"ImageObject\",\"inLanguage\":\"tr\",\"@id\":\"https:\/\/investinbrcko.com\/#\/schema\/logo\/image\/\",\"url\":\"https:\/\/investinbrcko.com\/wp-content\/uploads\/2020\/07\/MSG-virtual-logo.png\",\"contentUrl\":\"https:\/\/investinbrcko.com\/wp-content\/uploads\/2020\/07\/MSG-virtual-logo.png\",\"width\":1277,\"height\":568,\"caption\":\"MSG Virtual\"},\"image\":{\"@id\":\"https:\/\/investinbrcko.com\/#\/schema\/logo\/image\/\"},\"sameAs\":[\"https:\/\/www.facebook.com\/msgvirtual\/\"]}]}<\/script>\n<!-- \/ Yoast SEO plugin. -->","yoast_head_json":{"title":"Vergi te\u015fvikleri \u2013 t\u00fczel ki\u015filere sa\u011flanan faydalar - Investitraj u Brcko","robots":{"index":"index","follow":"follow","max-snippet":"max-snippet:-1","max-image-preview":"max-image-preview:large","max-video-preview":"max-video-preview:-1"},"canonical":"https:\/\/investinbrcko.com\/tr\/vergi-tesvikleri-tuzel-kisilere-saglanan-faydalar\/","og_locale":"tr_TR","og_type":"article","og_title":"Vergi te\u015fvikleri \u2013 t\u00fczel ki\u015filere sa\u011flanan faydalar - Investitraj u Brcko","og_description":"[vc_row][vc_column][vc_column_text]Ekonomik kalk\u0131nman\u0131n te\u015fvik edilmesi, farkl\u0131 yararlar sa\u011flayarak ve yeni yat\u0131r\u0131mlar\u0131 finanse ederek yap\u0131lmaktad\u0131r. \u0130\u015fletmelerini kaydeden t\u00fczel ki\u015filer \u00e7e\u015fitli avantajlardan yararlanabilir: \u015firket ad\u0131 g\u00f6r\u00fcnt\u00fcleme \u00fccretinden toplam muafiyet; t\u00fczel ki\u015filer i\u00e7in ticari kurulu\u015fun tescili ve mahkeme sicilinde de\u011fi\u015fiklik tescili i\u00e7in \u00fccret iadesi, elektrik \u015febekesine ba\u011flanmaya ili\u015fkin hizmet \u00fccretlerinin ve hizmetlerin maliyetlerinin iadesi su temini ve kanalizasyon \u015febekelerine [&hellip;]","og_url":"https:\/\/investinbrcko.com\/tr\/vergi-tesvikleri-tuzel-kisilere-saglanan-faydalar\/","og_site_name":"Investitraj u Brcko","article_publisher":"https:\/\/www.facebook.com\/msgvirtual\/","article_modified_time":"2022-06-26T16:36:48+00:00","og_image":[{"width":1900,"height":390,"url":"https:\/\/investinbrcko.com\/wp-content\/uploads\/2021\/10\/cover390.jpg","type":"image\/jpeg"}],"twitter_card":"summary_large_image","twitter_misc":{"Tahmini okuma s\u00fcresi":"2 dakika"},"schema":{"@context":"https:\/\/schema.org","@graph":[{"@type":"WebPage","@id":"https:\/\/investinbrcko.com\/tr\/vergi-tesvikleri-tuzel-kisilere-saglanan-faydalar\/","url":"https:\/\/investinbrcko.com\/tr\/vergi-tesvikleri-tuzel-kisilere-saglanan-faydalar\/","name":"Vergi te\u015fvikleri \u2013 t\u00fczel ki\u015filere sa\u011flanan faydalar - Investitraj u Brcko","isPartOf":{"@id":"https:\/\/investinbrcko.com\/#website"},"primaryImageOfPage":{"@id":"https:\/\/investinbrcko.com\/tr\/vergi-tesvikleri-tuzel-kisilere-saglanan-faydalar\/#primaryimage"},"image":{"@id":"https:\/\/investinbrcko.com\/tr\/vergi-tesvikleri-tuzel-kisilere-saglanan-faydalar\/#primaryimage"},"thumbnailUrl":"https:\/\/investinbrcko.com\/wp-content\/uploads\/2021\/10\/cover390.jpg","datePublished":"2022-06-26T12:20:12+00:00","dateModified":"2022-06-26T16:36:48+00:00","breadcrumb":{"@id":"https:\/\/investinbrcko.com\/tr\/vergi-tesvikleri-tuzel-kisilere-saglanan-faydalar\/#breadcrumb"},"inLanguage":"tr","potentialAction":[{"@type":"ReadAction","target":["https:\/\/investinbrcko.com\/tr\/vergi-tesvikleri-tuzel-kisilere-saglanan-faydalar\/"]}]},{"@type":"ImageObject","inLanguage":"tr","@id":"https:\/\/investinbrcko.com\/tr\/vergi-tesvikleri-tuzel-kisilere-saglanan-faydalar\/#primaryimage","url":"https:\/\/investinbrcko.com\/wp-content\/uploads\/2021\/10\/cover390.jpg","contentUrl":"https:\/\/investinbrcko.com\/wp-content\/uploads\/2021\/10\/cover390.jpg","width":1900,"height":390},{"@type":"BreadcrumbList","@id":"https:\/\/investinbrcko.com\/tr\/vergi-tesvikleri-tuzel-kisilere-saglanan-faydalar\/#breadcrumb","itemListElement":[{"@type":"ListItem","position":1,"name":"Po\u010detna","item":"https:\/\/investinbrcko.com\/tr\/"},{"@type":"ListItem","position":2,"name":"Vergi te\u015fvikleri \u2013 t\u00fczel ki\u015filere sa\u011flanan faydalar"}]},{"@type":"WebSite","@id":"https:\/\/investinbrcko.com\/#website","url":"https:\/\/investinbrcko.com\/","name":"MSG Virtual","description":"Virtuelna kancelarija Br\u010dko","publisher":{"@id":"https:\/\/investinbrcko.com\/#organization"},"potentialAction":[{"@type":"SearchAction","target":{"@type":"EntryPoint","urlTemplate":"https:\/\/investinbrcko.com\/?s={search_term_string}"},"query-input":"required name=search_term_string"}],"inLanguage":"tr"},{"@type":"Organization","@id":"https:\/\/investinbrcko.com\/#organization","name":"MSG Virtual","url":"https:\/\/investinbrcko.com\/","logo":{"@type":"ImageObject","inLanguage":"tr","@id":"https:\/\/investinbrcko.com\/#\/schema\/logo\/image\/","url":"https:\/\/investinbrcko.com\/wp-content\/uploads\/2020\/07\/MSG-virtual-logo.png","contentUrl":"https:\/\/investinbrcko.com\/wp-content\/uploads\/2020\/07\/MSG-virtual-logo.png","width":1277,"height":568,"caption":"MSG Virtual"},"image":{"@id":"https:\/\/investinbrcko.com\/#\/schema\/logo\/image\/"},"sameAs":["https:\/\/www.facebook.com\/msgvirtual\/"]}]}},"_links":{"self":[{"href":"https:\/\/investinbrcko.com\/tr\/wp-json\/wp\/v2\/pages\/9190"}],"collection":[{"href":"https:\/\/investinbrcko.com\/tr\/wp-json\/wp\/v2\/pages"}],"about":[{"href":"https:\/\/investinbrcko.com\/tr\/wp-json\/wp\/v2\/types\/page"}],"author":[{"embeddable":true,"href":"https:\/\/investinbrcko.com\/tr\/wp-json\/wp\/v2\/users\/4"}],"replies":[{"embeddable":true,"href":"https:\/\/investinbrcko.com\/tr\/wp-json\/wp\/v2\/comments?post=9190"}],"version-history":[{"count":0,"href":"https:\/\/investinbrcko.com\/tr\/wp-json\/wp\/v2\/pages\/9190\/revisions"}],"wp:featuredmedia":[{"embeddable":true,"href":"https:\/\/investinbrcko.com\/tr\/wp-json\/wp\/v2\/media\/9182"}],"wp:attachment":[{"href":"https:\/\/investinbrcko.com\/tr\/wp-json\/wp\/v2\/media?parent=9190"}],"curies":[{"name":"wp","href":"https:\/\/api.w.org\/{rel}","templated":true}]}}