{"id":9194,"date":"2022-06-26T14:27:16","date_gmt":"2022-06-26T12:27:16","guid":{"rendered":"https:\/\/investinbrcko.com\/?page_id=9194"},"modified":"2022-06-26T14:30:06","modified_gmt":"2022-06-26T12:30:06","slug":"cografi-konum","status":"publish","type":"page","link":"https:\/\/investinbrcko.com\/tr\/cografi-konum\/","title":{"rendered":"Co\u011frafi konum"},"content":{"rendered":"<p>[vc_row][vc_column][vc_column_text]Br\u00e7ko B\u00f6lgesi&#8217;nin jeostratejik konumu son derece iyidir.<\/p>\n<p>Bu 85.000 n\u00fcfuslu yerel topluluk, Bosna Hersek&#8217;in kuzeydo\u011fu kesiminde, neredeyse Avrupa Birli\u011fi&#8217;nin kap\u0131lar\u0131nda yer almaktad\u0131r. Br\u00e7ko B\u00f6lgesi, Bosna Hersek, S\u0131rbistan ve H\u0131rvatistan, yani Avrupa Birli\u011fi aras\u0131ndaki gezi noktas\u0131ndan 20 km uzakl\u0131ktad\u0131r ve a\u015fa\u011f\u0131daki \u015fehirlerin merkezlerinden neredeyse e\u015fit uzakl\u0131ktad\u0131r: Belgrad (200 km), Zagrep (270 km) ve Saraybosna (210km). Br\u00e7ko B\u00f6lgesi, 493,3 km\u00b2&#8217;lik bir kentsel alana sahip uluslararas\u0131 Sava nehrinin sa\u011f k\u0131y\u0131s\u0131nda yer al\u0131r ve Bosna Hersek&#8217;in %1&#8217;inden daha az\u0131n\u0131 kaplar.<\/p>\n<p>Bosna Hersek&#8217;in ayr\u0131lmaz bir par\u00e7as\u0131 olmas\u0131na ra\u011fmen, Br\u00e7ko B\u00f6lgesi, kendi yasalar\u0131, kurumlar\u0131 ve h\u00fck\u00fcmeti ile benzersiz bir kendi kendini y\u00f6neten birimdir.<\/p>\n<p>Ekonomik bir birim olarak Br\u00e7ko, Dunav\u2013Drava\u2013Sava ve Drina\u2013Sava\u2013Majevica b\u00f6lgelerine dokunmu\u015ftur. Bosna\u2019n\u0131n Posavina b\u00f6lgesinin (nehrin yak\u0131n\u0131ndaki Sava nehri havzas\u0131 b\u00f6lgesi) merkezi ve do\u011fudan bat\u0131ya ve kuzeyden g\u00fcneye uzanan ana yol hatlar\u0131n\u0131n merkez noktas\u0131d\u0131r. Ayn\u0131 zamanda ender multimodal ta\u015f\u0131mac\u0131l\u0131k yollar\u0131ndan biridir: bu b\u00f6lgede karayolu, demiryolu, nehir trafi\u011fi ve Bosna Hersek&#8217;teki tek uluslararas\u0131 nehir liman\u0131 yer almaktad\u0131r.<\/p>\n<p>Piyasa ekonomisi ve \u00f6zel m\u00fclkiyet \u00f6z\u00fcnde i\u00e7 i\u00e7e ge\u00e7mi\u015f durumdad\u0131r. H\u0131zl\u0131 bir ekonomik kalk\u0131nma sa\u011flamaya \u00e7al\u0131\u015fan her b\u00f6lge, \u00f6zel giri\u015fimci fikirlerin ve \u015firketlerin geni\u015flemesini art\u0131ran bir i\u015f ortam\u0131 yaratmal\u0131d\u0131r. Bosna Hersek&#8217;in Br\u00e7ko B\u00f6lgesi b\u00f6yle bir b\u00f6lge olmaya \u00e7al\u0131\u015f\u0131yor ve hedeflerine ula\u015fma yolunda ilerliyor.[\/vc_column_text][vc_empty_space]<a  href=\"https:\/\/investinbrcko.com\/tr\/iletisim\/\"  target=\"_self\"  title=\"Yat\u0131r\u0131m yapmaya haz\u0131r m\u0131s\u0131n\u0131z?\" class=\"tt_button tt_primary_button btn_primary_color  button-center button-action-link\" ><span class=\"prim_text\">Yat\u0131r\u0131m yapmaya haz\u0131r m\u0131s\u0131n\u0131z?<\/span><\/a>[\/vc_column][\/vc_row]<\/p>\n","protected":false},"excerpt":{"rendered":"<p>[vc_row][vc_column][vc_column_text]Br\u00e7ko B\u00f6lgesi&#8217;nin jeostratejik konumu son derece iyidir. Bu 85.000 n\u00fcfuslu yerel topluluk, Bosna Hersek&#8217;in kuzeydo\u011fu kesiminde, neredeyse Avrupa Birli\u011fi&#8217;nin kap\u0131lar\u0131nda yer almaktad\u0131r. Br\u00e7ko B\u00f6lgesi, Bosna Hersek, S\u0131rbistan ve H\u0131rvatistan, yani Avrupa Birli\u011fi aras\u0131ndaki gezi noktas\u0131ndan 20 km uzakl\u0131ktad\u0131r ve a\u015fa\u011f\u0131daki \u015fehirlerin merkezlerinden neredeyse e\u015fit uzakl\u0131ktad\u0131r: Belgrad (200 km), Zagrep (270 km) ve Saraybosna (210km). Br\u00e7ko [&hellip;]<\/p>\n","protected":false},"author":4,"featured_media":9195,"parent":0,"menu_order":0,"comment_status":"closed","ping_status":"closed","template":"","meta":{"footnotes":""},"yoast_head":"<!-- This site is optimized with the Yoast SEO plugin v22.3 - https:\/\/yoast.com\/wordpress\/plugins\/seo\/ -->\n<title>Co\u011frafi konum - Investitraj u Brcko<\/title>\n<meta name=\"robots\" content=\"index, follow, max-snippet:-1, max-image-preview:large, max-video-preview:-1\" \/>\n<link rel=\"canonical\" href=\"https:\/\/investinbrcko.com\/tr\/cografi-konum\/\" \/>\n<meta property=\"og:locale\" content=\"tr_TR\" \/>\n<meta property=\"og:type\" content=\"article\" \/>\n<meta property=\"og:title\" content=\"Co\u011frafi konum - Investitraj u Brcko\" \/>\n<meta property=\"og:description\" content=\"[vc_row][vc_column][vc_column_text]Br\u00e7ko B\u00f6lgesi&#8217;nin jeostratejik konumu son derece iyidir. Bu 85.000 n\u00fcfuslu yerel topluluk, Bosna Hersek&#8217;in kuzeydo\u011fu kesiminde, neredeyse Avrupa Birli\u011fi&#8217;nin kap\u0131lar\u0131nda yer almaktad\u0131r. Br\u00e7ko B\u00f6lgesi, Bosna Hersek, S\u0131rbistan ve H\u0131rvatistan, yani Avrupa Birli\u011fi aras\u0131ndaki gezi noktas\u0131ndan 20 km uzakl\u0131ktad\u0131r ve a\u015fa\u011f\u0131daki \u015fehirlerin merkezlerinden neredeyse e\u015fit uzakl\u0131ktad\u0131r: Belgrad (200 km), Zagrep (270 km) ve Saraybosna (210km). Br\u00e7ko [&hellip;]\" \/>\n<meta property=\"og:url\" content=\"https:\/\/investinbrcko.com\/tr\/cografi-konum\/\" \/>\n<meta property=\"og:site_name\" content=\"Investitraj u Brcko\" \/>\n<meta property=\"article:publisher\" content=\"https:\/\/www.facebook.com\/msgvirtual\/\" \/>\n<meta property=\"article:modified_time\" content=\"2022-06-26T12:30:06+00:00\" \/>\n<meta property=\"og:image\" content=\"https:\/\/investinbrcko.com\/wp-content\/uploads\/2022\/06\/msg-virtual-brcko-polozaj-1.png\" \/>\n\t<meta property=\"og:image:width\" content=\"1920\" \/>\n\t<meta property=\"og:image:height\" content=\"643\" \/>\n\t<meta property=\"og:image:type\" content=\"image\/png\" \/>\n<meta name=\"twitter:card\" content=\"summary_large_image\" \/>\n<meta name=\"twitter:label1\" content=\"Tahmini okuma s\u00fcresi\" \/>\n\t<meta name=\"twitter:data1\" content=\"2 dakika\" \/>\n<script type=\"application\/ld+json\" class=\"yoast-schema-graph\">{\"@context\":\"https:\/\/schema.org\",\"@graph\":[{\"@type\":\"WebPage\",\"@id\":\"https:\/\/investinbrcko.com\/tr\/cografi-konum\/\",\"url\":\"https:\/\/investinbrcko.com\/tr\/cografi-konum\/\",\"name\":\"Co\u011frafi konum - Investitraj u Brcko\",\"isPartOf\":{\"@id\":\"https:\/\/investinbrcko.com\/#website\"},\"primaryImageOfPage\":{\"@id\":\"https:\/\/investinbrcko.com\/tr\/cografi-konum\/#primaryimage\"},\"image\":{\"@id\":\"https:\/\/investinbrcko.com\/tr\/cografi-konum\/#primaryimage\"},\"thumbnailUrl\":\"https:\/\/investinbrcko.com\/wp-content\/uploads\/2022\/06\/msg-virtual-brcko-polozaj-1.png\",\"datePublished\":\"2022-06-26T12:27:16+00:00\",\"dateModified\":\"2022-06-26T12:30:06+00:00\",\"breadcrumb\":{\"@id\":\"https:\/\/investinbrcko.com\/tr\/cografi-konum\/#breadcrumb\"},\"inLanguage\":\"tr\",\"potentialAction\":[{\"@type\":\"ReadAction\",\"target\":[\"https:\/\/investinbrcko.com\/tr\/cografi-konum\/\"]}]},{\"@type\":\"ImageObject\",\"inLanguage\":\"tr\",\"@id\":\"https:\/\/investinbrcko.com\/tr\/cografi-konum\/#primaryimage\",\"url\":\"https:\/\/investinbrcko.com\/wp-content\/uploads\/2022\/06\/msg-virtual-brcko-polozaj-1.png\",\"contentUrl\":\"https:\/\/investinbrcko.com\/wp-content\/uploads\/2022\/06\/msg-virtual-brcko-polozaj-1.png\",\"width\":1920,\"height\":643},{\"@type\":\"BreadcrumbList\",\"@id\":\"https:\/\/investinbrcko.com\/tr\/cografi-konum\/#breadcrumb\",\"itemListElement\":[{\"@type\":\"ListItem\",\"position\":1,\"name\":\"Po\u010detna\",\"item\":\"https:\/\/investinbrcko.com\/tr\/\"},{\"@type\":\"ListItem\",\"position\":2,\"name\":\"Co\u011frafi konum\"}]},{\"@type\":\"WebSite\",\"@id\":\"https:\/\/investinbrcko.com\/#website\",\"url\":\"https:\/\/investinbrcko.com\/\",\"name\":\"MSG Virtual\",\"description\":\"Virtuelna kancelarija Br\u010dko\",\"publisher\":{\"@id\":\"https:\/\/investinbrcko.com\/#organization\"},\"potentialAction\":[{\"@type\":\"SearchAction\",\"target\":{\"@type\":\"EntryPoint\",\"urlTemplate\":\"https:\/\/investinbrcko.com\/?s={search_term_string}\"},\"query-input\":\"required name=search_term_string\"}],\"inLanguage\":\"tr\"},{\"@type\":\"Organization\",\"@id\":\"https:\/\/investinbrcko.com\/#organization\",\"name\":\"MSG Virtual\",\"url\":\"https:\/\/investinbrcko.com\/\",\"logo\":{\"@type\":\"ImageObject\",\"inLanguage\":\"tr\",\"@id\":\"https:\/\/investinbrcko.com\/#\/schema\/logo\/image\/\",\"url\":\"https:\/\/investinbrcko.com\/wp-content\/uploads\/2020\/07\/MSG-virtual-logo.png\",\"contentUrl\":\"https:\/\/investinbrcko.com\/wp-content\/uploads\/2020\/07\/MSG-virtual-logo.png\",\"width\":1277,\"height\":568,\"caption\":\"MSG Virtual\"},\"image\":{\"@id\":\"https:\/\/investinbrcko.com\/#\/schema\/logo\/image\/\"},\"sameAs\":[\"https:\/\/www.facebook.com\/msgvirtual\/\"]}]}<\/script>\n<!-- \/ Yoast SEO plugin. -->","yoast_head_json":{"title":"Co\u011frafi konum - Investitraj u Brcko","robots":{"index":"index","follow":"follow","max-snippet":"max-snippet:-1","max-image-preview":"max-image-preview:large","max-video-preview":"max-video-preview:-1"},"canonical":"https:\/\/investinbrcko.com\/tr\/cografi-konum\/","og_locale":"tr_TR","og_type":"article","og_title":"Co\u011frafi konum - Investitraj u Brcko","og_description":"[vc_row][vc_column][vc_column_text]Br\u00e7ko B\u00f6lgesi&#8217;nin jeostratejik konumu son derece iyidir. Bu 85.000 n\u00fcfuslu yerel topluluk, Bosna Hersek&#8217;in kuzeydo\u011fu kesiminde, neredeyse Avrupa Birli\u011fi&#8217;nin kap\u0131lar\u0131nda yer almaktad\u0131r. Br\u00e7ko B\u00f6lgesi, Bosna Hersek, S\u0131rbistan ve H\u0131rvatistan, yani Avrupa Birli\u011fi aras\u0131ndaki gezi noktas\u0131ndan 20 km uzakl\u0131ktad\u0131r ve a\u015fa\u011f\u0131daki \u015fehirlerin merkezlerinden neredeyse e\u015fit uzakl\u0131ktad\u0131r: Belgrad (200 km), Zagrep (270 km) ve Saraybosna (210km). Br\u00e7ko [&hellip;]","og_url":"https:\/\/investinbrcko.com\/tr\/cografi-konum\/","og_site_name":"Investitraj u Brcko","article_publisher":"https:\/\/www.facebook.com\/msgvirtual\/","article_modified_time":"2022-06-26T12:30:06+00:00","og_image":[{"width":1920,"height":643,"url":"https:\/\/investinbrcko.com\/wp-content\/uploads\/2022\/06\/msg-virtual-brcko-polozaj-1.png","type":"image\/png"}],"twitter_card":"summary_large_image","twitter_misc":{"Tahmini okuma s\u00fcresi":"2 dakika"},"schema":{"@context":"https:\/\/schema.org","@graph":[{"@type":"WebPage","@id":"https:\/\/investinbrcko.com\/tr\/cografi-konum\/","url":"https:\/\/investinbrcko.com\/tr\/cografi-konum\/","name":"Co\u011frafi konum - Investitraj u Brcko","isPartOf":{"@id":"https:\/\/investinbrcko.com\/#website"},"primaryImageOfPage":{"@id":"https:\/\/investinbrcko.com\/tr\/cografi-konum\/#primaryimage"},"image":{"@id":"https:\/\/investinbrcko.com\/tr\/cografi-konum\/#primaryimage"},"thumbnailUrl":"https:\/\/investinbrcko.com\/wp-content\/uploads\/2022\/06\/msg-virtual-brcko-polozaj-1.png","datePublished":"2022-06-26T12:27:16+00:00","dateModified":"2022-06-26T12:30:06+00:00","breadcrumb":{"@id":"https:\/\/investinbrcko.com\/tr\/cografi-konum\/#breadcrumb"},"inLanguage":"tr","potentialAction":[{"@type":"ReadAction","target":["https:\/\/investinbrcko.com\/tr\/cografi-konum\/"]}]},{"@type":"ImageObject","inLanguage":"tr","@id":"https:\/\/investinbrcko.com\/tr\/cografi-konum\/#primaryimage","url":"https:\/\/investinbrcko.com\/wp-content\/uploads\/2022\/06\/msg-virtual-brcko-polozaj-1.png","contentUrl":"https:\/\/investinbrcko.com\/wp-content\/uploads\/2022\/06\/msg-virtual-brcko-polozaj-1.png","width":1920,"height":643},{"@type":"BreadcrumbList","@id":"https:\/\/investinbrcko.com\/tr\/cografi-konum\/#breadcrumb","itemListElement":[{"@type":"ListItem","position":1,"name":"Po\u010detna","item":"https:\/\/investinbrcko.com\/tr\/"},{"@type":"ListItem","position":2,"name":"Co\u011frafi konum"}]},{"@type":"WebSite","@id":"https:\/\/investinbrcko.com\/#website","url":"https:\/\/investinbrcko.com\/","name":"MSG Virtual","description":"Virtuelna kancelarija Br\u010dko","publisher":{"@id":"https:\/\/investinbrcko.com\/#organization"},"potentialAction":[{"@type":"SearchAction","target":{"@type":"EntryPoint","urlTemplate":"https:\/\/investinbrcko.com\/?s={search_term_string}"},"query-input":"required name=search_term_string"}],"inLanguage":"tr"},{"@type":"Organization","@id":"https:\/\/investinbrcko.com\/#organization","name":"MSG Virtual","url":"https:\/\/investinbrcko.com\/","logo":{"@type":"ImageObject","inLanguage":"tr","@id":"https:\/\/investinbrcko.com\/#\/schema\/logo\/image\/","url":"https:\/\/investinbrcko.com\/wp-content\/uploads\/2020\/07\/MSG-virtual-logo.png","contentUrl":"https:\/\/investinbrcko.com\/wp-content\/uploads\/2020\/07\/MSG-virtual-logo.png","width":1277,"height":568,"caption":"MSG Virtual"},"image":{"@id":"https:\/\/investinbrcko.com\/#\/schema\/logo\/image\/"},"sameAs":["https:\/\/www.facebook.com\/msgvirtual\/"]}]}},"_links":{"self":[{"href":"https:\/\/investinbrcko.com\/tr\/wp-json\/wp\/v2\/pages\/9194"}],"collection":[{"href":"https:\/\/investinbrcko.com\/tr\/wp-json\/wp\/v2\/pages"}],"about":[{"href":"https:\/\/investinbrcko.com\/tr\/wp-json\/wp\/v2\/types\/page"}],"author":[{"embeddable":true,"href":"https:\/\/investinbrcko.com\/tr\/wp-json\/wp\/v2\/users\/4"}],"replies":[{"embeddable":true,"href":"https:\/\/investinbrcko.com\/tr\/wp-json\/wp\/v2\/comments?post=9194"}],"version-history":[{"count":0,"href":"https:\/\/investinbrcko.com\/tr\/wp-json\/wp\/v2\/pages\/9194\/revisions"}],"wp:featuredmedia":[{"embeddable":true,"href":"https:\/\/investinbrcko.com\/tr\/wp-json\/wp\/v2\/media\/9195"}],"wp:attachment":[{"href":"https:\/\/investinbrcko.com\/tr\/wp-json\/wp\/v2\/media?parent=9194"}],"curies":[{"name":"wp","href":"https:\/\/api.w.org\/{rel}","templated":true}]}}